{"id":1513,"date":"2024-11-13T18:30:04","date_gmt":"2024-11-13T17:30:04","guid":{"rendered":"https:\/\/happy-netz.ch\/garage-huber-feldmeilen\/?page_id=1513"},"modified":"2024-12-19T15:39:00","modified_gmt":"2024-12-19T14:39:00","slug":"glasschaden","status":"publish","type":"page","link":"https:\/\/happy-netz.ch\/garage-huber-feldmeilen\/glasschaden\/","title":{"rendered":"Glasschaden"},"content":{"rendered":"\t\t<div data-elementor-type=\"wp-page\" data-elementor-id=\"1513\" class=\"elementor elementor-1513\" data-elementor-post-type=\"page\">\n\t\t\t\t<div class=\"elementor-element elementor-element-4cf64a56 e-flex e-con-boxed e-con e-parent\" data-id=\"4cf64a56\" data-element_type=\"container\" data-e-type=\"container\" data-settings=\"{&quot;background_background&quot;:&quot;classic&quot;}\">\n\t\t\t\t\t<div class=\"e-con-inner\">\n\t\t\t\t\t<\/div>\n\t\t\t\t<\/div>\n\t\t<div class=\"elementor-element elementor-element-7c38bf40 e-flex e-con-boxed e-con e-parent\" data-id=\"7c38bf40\" data-element_type=\"container\" data-e-type=\"container\">\n\t\t\t\t\t<div class=\"e-con-inner\">\n\t\t<div class=\"elementor-element elementor-element-16d23707 e-con-full e-flex e-con e-child\" data-id=\"16d23707\" data-element_type=\"container\" data-e-type=\"container\">\n\t\t<div class=\"elementor-element elementor-element-504c94f0 e-con-full animated-fast e-flex elementor-invisible e-con e-child\" data-id=\"504c94f0\" data-element_type=\"container\" data-e-type=\"container\" data-settings=\"{&quot;animation&quot;:&quot;fadeInLeft&quot;}\">\n\t\t\t\t<div class=\"elementor-element elementor-element-7943deaf elementor-widget elementor-widget-heading\" data-id=\"7943deaf\" data-element_type=\"widget\" data-e-type=\"widget\" data-widget_type=\"heading.default\">\n\t\t\t\t<div class=\"elementor-widget-container\">\n\t\t\t\t\t<h2 class=\"elementor-heading-title elementor-size-default\">Glasreparaturen<\/h2>\t\t\t\t<\/div>\n\t\t\t\t<\/div>\n\t\t\t\t<\/div>\n\t\t<div class=\"elementor-element elementor-element-7198bb34 e-con-full animated-slow e-flex elementor-invisible e-con e-child\" data-id=\"7198bb34\" data-element_type=\"container\" data-e-type=\"container\" data-settings=\"{&quot;animation&quot;:&quot;fadeIn&quot;}\">\n\t\t\t\t<div class=\"elementor-element elementor-element-6ddbe0af elementor-widget elementor-widget-heading\" data-id=\"6ddbe0af\" data-element_type=\"widget\" data-e-type=\"widget\" data-widget_type=\"heading.default\">\n\t\t\t\t<div class=\"elementor-widget-container\">\n\t\t\t\t\t<h4 class=\"elementor-heading-title elementor-size-default\">F\u00fcr den perfekten Durchblick.<\/h4>\t\t\t\t<\/div>\n\t\t\t\t<\/div>\n\t\t\t\t<div class=\"elementor-element elementor-element-37dd28a5 elementor-widget elementor-widget-text-editor\" data-id=\"37dd28a5\" data-element_type=\"widget\" data-e-type=\"widget\" data-widget_type=\"text-editor.default\">\n\t\t\t\t<div class=\"elementor-widget-container\">\n\t\t\t\t\t\t\t\t\t<p class=\"p1\"><span class=\"s1\">Ein Steinschlag in der Frontscheibe? Kein Problem! Wir sind Ihre kompetenten Ansprechpartner f\u00fcr Sch\u00e4den an Windschutz-, Seiten- oder Heckscheiben. Vertrauen Sie auf unsere Expertise, um Glassch\u00e4den schnell und zuverl\u00e4ssig zu beheben und die Sicherheit Ihres Fahrzeugs wiederherzustellen.<\/span><\/p>\t\t\t\t\t\t\t\t<\/div>\n\t\t\t\t<\/div>\n\t\t\t\t<\/div>\n\t\t\t\t<\/div>\n\t\t\t\t\t<\/div>\n\t\t\t\t<\/div>\n\t\t<div class=\"elementor-element elementor-element-b4a6ca2 e-flex e-con-boxed e-con e-parent\" data-id=\"b4a6ca2\" data-element_type=\"container\" data-e-type=\"container\">\n\t\t\t\t\t<div class=\"e-con-inner\">\n\t\t<div class=\"elementor-element elementor-element-cc44d10 e-con-full e-flex e-con e-child\" data-id=\"cc44d10\" data-element_type=\"container\" data-e-type=\"container\">\n\t\t<div class=\"elementor-element elementor-element-4a4e926 e-con-full e-flex e-con e-child\" data-id=\"4a4e926\" data-element_type=\"container\" data-e-type=\"container\">\n\t\t<div class=\"elementor-element elementor-element-a2c7084 e-con-full animated-fast e-flex elementor-invisible e-con e-child\" data-id=\"a2c7084\" data-element_type=\"container\" data-e-type=\"container\" data-settings=\"{&quot;animation&quot;:&quot;fadeInLeft&quot;}\">\n\t\t\t\t<div class=\"elementor-element elementor-element-c059e25 elementor-widget elementor-widget-heading\" data-id=\"c059e25\" data-element_type=\"widget\" data-e-type=\"widget\" data-widget_type=\"heading.default\">\n\t\t\t\t<div class=\"elementor-widget-container\">\n\t\t\t\t\t<h3 class=\"elementor-heading-title elementor-size-default\">Professionelle Hilfe bei Steinschlag und Glassch\u00e4den<\/h3>\t\t\t\t<\/div>\n\t\t\t\t<\/div>\n\t\t\t\t<\/div>\n\t\t<div class=\"elementor-element elementor-element-35784bc e-con-full animated-slow e-flex elementor-invisible e-con e-child\" data-id=\"35784bc\" data-element_type=\"container\" data-e-type=\"container\" data-settings=\"{&quot;animation&quot;:&quot;fadeIn&quot;}\">\n\t\t\t\t<div class=\"elementor-element elementor-element-43fafa4 elementor-widget elementor-widget-text-editor\" data-id=\"43fafa4\" data-element_type=\"widget\" data-e-type=\"widget\" data-widget_type=\"text-editor.default\">\n\t\t\t\t<div class=\"elementor-widget-container\">\n\t\t\t\t\t\t\t\t\t<p class=\"p1\"><span class=\"s1\">Fast jede\/r Autofahrer\/in hat wohl schon einmal erlebt, dass ein Steinchen auf die Windschutzscheibe prallt. Nicht nur das Ger\u00e4usch ist dabei unangenehm, sondern meistens auch die Konsequenzen. Dies sollte schnell behoben werden und daf\u00fcr stehen wir Ihnen mit unseren Audi-Experten zur Seite<\/span><\/p>\t\t\t\t\t\t\t\t<\/div>\n\t\t\t\t<\/div>\n\t\t\t\t<\/div>\n\t\t\t\t<\/div>\n\t\t<div class=\"elementor-element elementor-element-4086d59 e-con-full e-flex e-con e-child\" data-id=\"4086d59\" data-element_type=\"container\" data-e-type=\"container\">\n\t\t<div class=\"elementor-element elementor-element-5bbdb6a e-con-full animated-slow e-flex elementor-invisible e-con e-child\" data-id=\"5bbdb6a\" data-element_type=\"container\" data-e-type=\"container\" data-settings=\"{&quot;animation&quot;:&quot;fadeIn&quot;}\">\n\t\t\t\t<div class=\"elementor-element elementor-element-79859ec elementor-widget elementor-widget-image\" data-id=\"79859ec\" data-element_type=\"widget\" data-e-type=\"widget\" data-widget_type=\"image.default\">\n\t\t\t\t<div class=\"elementor-widget-container\">\n\t\t\t\t\t\t\t\t\t\t\t\t\t\t\t<img decoding=\"async\" src=\"https:\/\/happy-netz.ch\/garage-huber-hombrechtikon\/wp-content\/uploads\/sites\/3\/2024\/11\/dienstleistungen-glasschaden-01.jpg\" title=\"\" alt=\"\" class=\"elementor-animation-float\" loading=\"lazy\" \/>\t\t\t\t\t\t\t\t\t\t\t\t\t\t\t<\/div>\n\t\t\t\t<\/div>\n\t\t\t\t<\/div>\n\t\t<div class=\"elementor-element elementor-element-711c5b1 e-con-full e-flex e-con e-child\" data-id=\"711c5b1\" data-element_type=\"container\" data-e-type=\"container\">\n\t\t<div class=\"elementor-element elementor-element-12af92d e-con-full animated-fast e-flex elementor-invisible e-con e-child\" data-id=\"12af92d\" data-element_type=\"container\" data-e-type=\"container\" data-settings=\"{&quot;animation&quot;:&quot;fadeInUp&quot;,&quot;animation_delay&quot;:100}\">\n\t\t\t\t<div class=\"elementor-element elementor-element-3683085 elementor-widget elementor-widget-heading\" data-id=\"3683085\" data-element_type=\"widget\" data-e-type=\"widget\" data-widget_type=\"heading.default\">\n\t\t\t\t<div class=\"elementor-widget-container\">\n\t\t\t\t\t<h6 class=\"elementor-heading-title elementor-size-default\">Schnell handeln<\/h6>\t\t\t\t<\/div>\n\t\t\t\t<\/div>\n\t\t\t\t<div class=\"elementor-element elementor-element-3e05ee3 elementor-widget elementor-widget-text-editor\" data-id=\"3e05ee3\" data-element_type=\"widget\" data-e-type=\"widget\" data-widget_type=\"text-editor.default\">\n\t\t\t\t<div class=\"elementor-widget-container\">\n\t\t\t\t\t\t\t\t\t<p class=\"p1\">Ein Steinschlag sollte so bald wie m\u00f6glich behandelt werden, um gr\u00f6ssere Sch\u00e4den zu verhindern. Bereits kleinste Einschl\u00e4ge k\u00f6nnen sich schnell zu Rissen ausweiten. Ein einfacher Trick zur ersten Hilfe: Decken Sie die betroffene Stelle mit einer speziellen Folie oder einem Aufkleber ab \u2013 jedoch nur, wenn sich der Steinschlag nicht im Sichtfeld befindet. Diese L\u00f6sung ist jedoch nur tempor\u00e4r und bietet keinen dauerhaften Schutz. Oftmals lassen sich kleinere Steinschl\u00e4ge unkompliziert reparieren, ohne dass ein kompletter Austausch der Windschutzscheibe n\u00f6tig ist.<\/p><p class=\"p1\">Wenden Sie sich an uns \u2013 wir beraten Sie gerne und sorgen f\u00fcr eine sichere L\u00f6sung.<\/p>\t\t\t\t\t\t\t\t<\/div>\n\t\t\t\t<\/div>\n\t\t\t\t<\/div>\n\t\t\t\t<\/div>\n\t\t\t\t<\/div>\n\t\t\t\t<\/div>\n\t\t\t\t\t<\/div>\n\t\t\t\t<\/div>\n\t\t<div class=\"elementor-element elementor-element-43d2bd7 e-flex e-con-boxed e-con e-parent\" data-id=\"43d2bd7\" data-element_type=\"container\" data-e-type=\"container\">\n\t\t\t\t\t<div class=\"e-con-inner\">\n\t\t<div class=\"elementor-element elementor-element-5cb379f e-con-full e-flex e-con e-child\" data-id=\"5cb379f\" data-element_type=\"container\" data-e-type=\"container\">\n\t\t<div class=\"elementor-element elementor-element-b09e435 e-con-full e-flex e-con e-child\" data-id=\"b09e435\" data-element_type=\"container\" data-e-type=\"container\">\n\t\t<div class=\"elementor-element elementor-element-89b132c e-con-full e-flex e-con e-child\" data-id=\"89b132c\" data-element_type=\"container\" data-e-type=\"container\">\n\t\t\t\t<div class=\"elementor-element elementor-element-b46c751 elementor-widget elementor-widget-heading\" data-id=\"b46c751\" data-element_type=\"widget\" data-e-type=\"widget\" data-widget_type=\"heading.default\">\n\t\t\t\t<div class=\"elementor-widget-container\">\n\t\t\t\t\t<h3 class=\"elementor-heading-title elementor-size-default\">Termin vereinbaren<\/h3>\t\t\t\t<\/div>\n\t\t\t\t<\/div>\n\t\t<div class=\"elementor-element elementor-element-ee7945b e-con-full animated-slow e-flex elementor-invisible e-con e-child\" data-id=\"ee7945b\" data-element_type=\"container\" data-e-type=\"container\" data-settings=\"{&quot;background_background&quot;:&quot;classic&quot;,&quot;animation&quot;:&quot;fadeIn&quot;}\">\n\t\t\t\t<div class=\"elementor-element elementor-element-700c4cf elementor-widget elementor-widget-heading\" data-id=\"700c4cf\" data-element_type=\"widget\" data-e-type=\"widget\" data-widget_type=\"heading.default\">\n\t\t\t\t<div class=\"elementor-widget-container\">\n\t\t\t\t\t<h4 class=\"elementor-heading-title elementor-size-default\">Schnell und einfach<\/h4>\t\t\t\t<\/div>\n\t\t\t\t<\/div>\n\t\t\t\t<div class=\"elementor-element elementor-element-24f14f7 elementor-align-left elementor-widget elementor-widget-button\" data-id=\"24f14f7\" data-element_type=\"widget\" data-e-type=\"widget\" data-widget_type=\"button.default\">\n\t\t\t\t<div class=\"elementor-widget-container\">\n\t\t\t\t\t\t\t\t\t<div class=\"elementor-button-wrapper\">\n\t\t\t\t\t<a class=\"elementor-button elementor-button-link elementor-size-sm\" href=\"https:\/\/seebadgarage.sopl.ch\/de\/\">\n\t\t\t\t\t\t<span class=\"elementor-button-content-wrapper\">\n\t\t\t\t\t\t<span class=\"elementor-button-icon\">\n\t\t\t\t<svg aria-hidden=\"true\" class=\"e-font-icon-svg e-fas-chevron-right\" viewBox=\"0 0 320 512\" xmlns=\"http:\/\/www.w3.org\/2000\/svg\"><path d=\"M285.476 272.971L91.132 467.314c-9.373 9.373-24.569 9.373-33.941 0l-22.667-22.667c-9.357-9.357-9.375-24.522-.04-33.901L188.505 256 34.484 101.255c-9.335-9.379-9.317-24.544.04-33.901l22.667-22.667c9.373-9.373 24.569-9.373 33.941 0L285.475 239.03c9.373 9.372 9.373 24.568.001 33.941z\"><\/path><\/svg>\t\t\t<\/span>\n\t\t\t\t\t\t\t\t\t<span class=\"elementor-button-text\">Online Termin vereinbaren<\/span>\n\t\t\t\t\t<\/span>\n\t\t\t\t\t<\/a>\n\t\t\t\t<\/div>\n\t\t\t\t\t\t\t\t<\/div>\n\t\t\t\t<\/div>\n\t\t\t\t<\/div>\n\t\t\t\t<\/div>\n\t\t<div class=\"elementor-element elementor-element-ec5a991 e-con-full animated-fast e-flex elementor-invisible e-con e-child\" data-id=\"ec5a991\" data-element_type=\"container\" data-e-type=\"container\" data-settings=\"{&quot;animation&quot;:&quot;fadeInUp&quot;,&quot;animation_delay&quot;:200}\">\n\t\t\t\t<div class=\"elementor-element elementor-element-81feafc elementor-widget elementor-widget-heading\" data-id=\"81feafc\" data-element_type=\"widget\" data-e-type=\"widget\" data-widget_type=\"heading.default\">\n\t\t\t\t<div class=\"elementor-widget-container\">\n\t\t\t\t\t<h3 class=\"elementor-heading-title elementor-size-default\">Ein gutes Gef\u00fchl inklusive.<\/h3>\t\t\t\t<\/div>\n\t\t\t\t<\/div>\n\t\t\t\t<div class=\"elementor-element elementor-element-72ac595 elementor-widget elementor-widget-image\" data-id=\"72ac595\" data-element_type=\"widget\" data-e-type=\"widget\" data-widget_type=\"image.default\">\n\t\t\t\t<div class=\"elementor-widget-container\">\n\t\t\t\t\t\t\t\t\t\t\t\t\t\t\t<img fetchpriority=\"high\" decoding=\"async\" width=\"640\" height=\"400\" src=\"https:\/\/happy-netz.ch\/garage-huber-feldmeilen\/wp-content\/uploads\/sites\/6\/2024\/11\/garage-huber_feldmeilen.jpg\" class=\"elementor-animation-float attachment-medium_large size-medium_large wp-image-2014\" alt=\"\" srcset=\"https:\/\/happy-netz.ch\/garage-huber-feldmeilen\/wp-content\/uploads\/sites\/6\/2024\/11\/garage-huber_feldmeilen.jpg 640w, https:\/\/happy-netz.ch\/garage-huber-feldmeilen\/wp-content\/uploads\/sites\/6\/2024\/11\/garage-huber_feldmeilen-300x188.jpg 300w\" sizes=\"(max-width: 640px) 100vw, 640px\" \/>\t\t\t\t\t\t\t\t\t\t\t\t\t\t\t<\/div>\n\t\t\t\t<\/div>\n\t\t\t\t<div class=\"elementor-element elementor-element-3339765 elementor-widget elementor-widget-text-editor\" data-id=\"3339765\" data-element_type=\"widget\" data-e-type=\"widget\" data-widget_type=\"text-editor.default\">\n\t\t\t\t<div class=\"elementor-widget-container\">\n\t\t\t\t\t\t\t\t\t<p class=\"p1\">Wir sind die Garage Huber AG, in Feldmeilen \u2013 vielseitig, freundlich und schnell: In weniger als einer Stunde erledigen wir kleinere Reparaturauftr\u00e4ge und tanken Ihr Auto.<br \/>Und dabei k\u00f6nnen Sie die neusten Modelle aus der Audi-Palette bestaunen oder gleich testen.\u00a0<br \/><br \/>Unser 15 k\u00f6pfiges Team, darunter drei Lehrlinge, liebt technische Herausforderungen. Die Garage Huber AG, Feldmeilen ist seit mehr als 20 Jahren Ihr professioneller Audi-Partner an der Seestrasse. Mit perfektem Rundum-Service und Shell-Tankstelle.<\/p>\t\t\t\t\t\t\t\t<\/div>\n\t\t\t\t<\/div>\n\t\t\t\t<\/div>\n\t\t\t\t<\/div>\n\t\t\t\t<\/div>\n\t\t\t\t\t<\/div>\n\t\t\t\t<\/div>\n\t\t\t\t<\/div>\n\t\t","protected":false},"excerpt":{"rendered":"<p>Glasreparaturen F\u00fcr den perfekten Durchblick. Ein Steinschlag in der Frontscheibe? Kein Problem! Wir sind Ihre kompetenten Ansprechpartner f\u00fcr Sch\u00e4den an Windschutz-, Seiten- oder Heckscheiben. Vertrauen Sie auf unsere Expertise, um Glassch\u00e4den schnell und zuverl\u00e4ssig zu beheben und die Sicherheit Ihres Fahrzeugs wiederherzustellen. Professionelle Hilfe bei Steinschlag und Glassch\u00e4den Fast jede\/r Autofahrer\/in hat wohl schon einmal [&hellip;]<\/p>\n","protected":false},"author":1,"featured_media":0,"parent":0,"menu_order":0,"comment_status":"closed","ping_status":"closed","template":"","meta":{"footnotes":""},"folder":[],"class_list":["post-1513","page","type-page","status-publish","hentry"],"yoast_head":"<!-- This site is optimized with the Yoast SEO Premium plugin v26.0 (Yoast SEO v27.1.1) - https:\/\/yoast.com\/product\/yoast-seo-premium-wordpress\/ -->\n<title>Glasschaden - Garage Huber Feldmeilen<\/title>\n<meta name=\"description\" content=\"Wir sind Ihre kompetenten Ansprechpartner f\u00fcr Sch\u00e4den an Windschutz-, Seiten- oder Heckscheiben f\u00fcr Ihren Audi. Vertrauen Sie auf unsere Expertise, um Glassch\u00e4den schnell und zuverl\u00e4ssig zu beheben und die Sicherheit Ihres Fahrzeugs wiederherzustellen. Garage Huber Feldmeilen.\" \/>\n<meta name=\"robots\" content=\"index, follow, max-snippet:-1, max-image-preview:large, max-video-preview:-1\" \/>\n<link rel=\"canonical\" href=\"https:\/\/happy-netz.ch\/garage-huber-feldmeilen\/glasschaden\/\" \/>\n<meta property=\"og:locale\" content=\"de_DE\" \/>\n<meta property=\"og:type\" content=\"article\" \/>\n<meta property=\"og:title\" content=\"Glasschaden\" \/>\n<meta property=\"og:description\" content=\"Wir sind Ihre kompetenten Ansprechpartner f\u00fcr Sch\u00e4den an Windschutz-, Seiten- oder Heckscheiben f\u00fcr Ihren Audi. Vertrauen Sie auf unsere Expertise, um Glassch\u00e4den schnell und zuverl\u00e4ssig zu beheben und die Sicherheit Ihres Fahrzeugs wiederherzustellen. Garage Huber Feldmeilen.\" \/>\n<meta property=\"og:url\" content=\"https:\/\/happy-netz.ch\/garage-huber-feldmeilen\/glasschaden\/\" \/>\n<meta property=\"og:site_name\" content=\"Garage Huber Feldmeilen\" \/>\n<meta property=\"article:modified_time\" content=\"2024-12-19T14:39:00+00:00\" \/>\n<meta property=\"og:image\" content=\"https:\/\/happy-netz.ch\/garage-huber-hombrechtikon\/wp-content\/uploads\/sites\/3\/2024\/11\/dienstleistungen-glasschaden-01.jpg\" \/>\n<meta name=\"twitter:card\" content=\"summary_large_image\" \/>\n<meta name=\"twitter:label1\" content=\"Gesch\u00e4tzte Lesezeit\" \/>\n\t<meta name=\"twitter:data1\" content=\"2\u00a0Minuten\" \/>\n<script type=\"application\/ld+json\" class=\"yoast-schema-graph\">{\"@context\":\"https:\/\/schema.org\",\"@graph\":[{\"@type\":\"WebPage\",\"@id\":\"https:\/\/happy-netz.ch\/garage-huber-feldmeilen\/glasschaden\/\",\"url\":\"https:\/\/happy-netz.ch\/garage-huber-feldmeilen\/glasschaden\/\",\"name\":\"Glasschaden - Garage Huber Feldmeilen\",\"isPartOf\":{\"@id\":\"https:\/\/happy-netz.ch\/garage-huber-feldmeilen\/#website\"},\"primaryImageOfPage\":{\"@id\":\"https:\/\/happy-netz.ch\/garage-huber-feldmeilen\/glasschaden\/#primaryimage\"},\"image\":{\"@id\":\"https:\/\/happy-netz.ch\/garage-huber-feldmeilen\/glasschaden\/#primaryimage\"},\"thumbnailUrl\":\"https:\/\/happy-netz.ch\/garage-huber-hombrechtikon\/wp-content\/uploads\/sites\/3\/2024\/11\/dienstleistungen-glasschaden-01.jpg\",\"datePublished\":\"2024-11-13T17:30:04+00:00\",\"dateModified\":\"2024-12-19T14:39:00+00:00\",\"description\":\"Wir sind Ihre kompetenten Ansprechpartner f\u00fcr Sch\u00e4den an Windschutz-, Seiten- oder Heckscheiben f\u00fcr Ihren Audi. Vertrauen Sie auf unsere Expertise, um Glassch\u00e4den schnell und zuverl\u00e4ssig zu beheben und die Sicherheit Ihres Fahrzeugs wiederherzustellen. Garage Huber Feldmeilen.\",\"breadcrumb\":{\"@id\":\"https:\/\/happy-netz.ch\/garage-huber-feldmeilen\/glasschaden\/#breadcrumb\"},\"inLanguage\":\"de-CH\",\"potentialAction\":[{\"@type\":\"ReadAction\",\"target\":[\"https:\/\/happy-netz.ch\/garage-huber-feldmeilen\/glasschaden\/\"]}]},{\"@type\":\"ImageObject\",\"inLanguage\":\"de-CH\",\"@id\":\"https:\/\/happy-netz.ch\/garage-huber-feldmeilen\/glasschaden\/#primaryimage\",\"url\":\"https:\/\/happy-netz.ch\/garage-huber-hombrechtikon\/wp-content\/uploads\/sites\/3\/2024\/11\/dienstleistungen-glasschaden-01.jpg\",\"contentUrl\":\"https:\/\/happy-netz.ch\/garage-huber-hombrechtikon\/wp-content\/uploads\/sites\/3\/2024\/11\/dienstleistungen-glasschaden-01.jpg\"},{\"@type\":\"BreadcrumbList\",\"@id\":\"https:\/\/happy-netz.ch\/garage-huber-feldmeilen\/glasschaden\/#breadcrumb\",\"itemListElement\":[{\"@type\":\"ListItem\",\"position\":1,\"name\":\"Home\",\"item\":\"https:\/\/happy-netz.ch\/garage-huber-feldmeilen\/\"},{\"@type\":\"ListItem\",\"position\":2,\"name\":\"Glasschaden\"}]},{\"@type\":\"WebSite\",\"@id\":\"https:\/\/happy-netz.ch\/garage-huber-feldmeilen\/#website\",\"url\":\"https:\/\/happy-netz.ch\/garage-huber-feldmeilen\/\",\"name\":\"Garage Huber Feldmeilen\",\"description\":\"Immer ein gutes Gef\u00fchl\",\"publisher\":{\"@id\":\"https:\/\/happy-netz.ch\/garage-huber-feldmeilen\/#organization\"},\"potentialAction\":[{\"@type\":\"SearchAction\",\"target\":{\"@type\":\"EntryPoint\",\"urlTemplate\":\"https:\/\/happy-netz.ch\/garage-huber-feldmeilen\/?s={search_term_string}\"},\"query-input\":{\"@type\":\"PropertyValueSpecification\",\"valueRequired\":true,\"valueName\":\"search_term_string\"}}],\"inLanguage\":\"de-CH\"},{\"@type\":\"Organization\",\"@id\":\"https:\/\/happy-netz.ch\/garage-huber-feldmeilen\/#organization\",\"name\":\"Garage Huber Feldmeilen\",\"url\":\"https:\/\/happy-netz.ch\/garage-huber-feldmeilen\/\",\"logo\":{\"@type\":\"ImageObject\",\"inLanguage\":\"de-CH\",\"@id\":\"https:\/\/happy-netz.ch\/garage-huber-feldmeilen\/#\/schema\/logo\/image\/\",\"url\":\"https:\/\/happy-netz.ch\/garage-huber-feldmeilen\/wp-content\/uploads\/sites\/6\/2024\/12\/logo-happy_netz-garage_huber_feldmeilen-ed.png\",\"contentUrl\":\"https:\/\/happy-netz.ch\/garage-huber-feldmeilen\/wp-content\/uploads\/sites\/6\/2024\/12\/logo-happy_netz-garage_huber_feldmeilen-ed.png\",\"width\":552,\"height\":150,\"caption\":\"Garage Huber Feldmeilen\"},\"image\":{\"@id\":\"https:\/\/happy-netz.ch\/garage-huber-feldmeilen\/#\/schema\/logo\/image\/\"}}]}<\/script>\n<!-- \/ Yoast SEO Premium plugin. -->","yoast_head_json":{"title":"Glasschaden - Garage Huber Feldmeilen","description":"Wir sind Ihre kompetenten Ansprechpartner f\u00fcr Sch\u00e4den an Windschutz-, Seiten- oder Heckscheiben f\u00fcr Ihren Audi. Vertrauen Sie auf unsere Expertise, um Glassch\u00e4den schnell und zuverl\u00e4ssig zu beheben und die Sicherheit Ihres Fahrzeugs wiederherzustellen. Garage Huber Feldmeilen.","robots":{"index":"index","follow":"follow","max-snippet":"max-snippet:-1","max-image-preview":"max-image-preview:large","max-video-preview":"max-video-preview:-1"},"canonical":"https:\/\/happy-netz.ch\/garage-huber-feldmeilen\/glasschaden\/","og_locale":"de_DE","og_type":"article","og_title":"Glasschaden","og_description":"Wir sind Ihre kompetenten Ansprechpartner f\u00fcr Sch\u00e4den an Windschutz-, Seiten- oder Heckscheiben f\u00fcr Ihren Audi. Vertrauen Sie auf unsere Expertise, um Glassch\u00e4den schnell und zuverl\u00e4ssig zu beheben und die Sicherheit Ihres Fahrzeugs wiederherzustellen. Garage Huber Feldmeilen.","og_url":"https:\/\/happy-netz.ch\/garage-huber-feldmeilen\/glasschaden\/","og_site_name":"Garage Huber Feldmeilen","article_modified_time":"2024-12-19T14:39:00+00:00","og_image":[{"url":"https:\/\/happy-netz.ch\/garage-huber-hombrechtikon\/wp-content\/uploads\/sites\/3\/2024\/11\/dienstleistungen-glasschaden-01.jpg","type":"","width":"","height":""}],"twitter_card":"summary_large_image","twitter_misc":{"Gesch\u00e4tzte Lesezeit":"2\u00a0Minuten"},"schema":{"@context":"https:\/\/schema.org","@graph":[{"@type":"WebPage","@id":"https:\/\/happy-netz.ch\/garage-huber-feldmeilen\/glasschaden\/","url":"https:\/\/happy-netz.ch\/garage-huber-feldmeilen\/glasschaden\/","name":"Glasschaden - Garage Huber Feldmeilen","isPartOf":{"@id":"https:\/\/happy-netz.ch\/garage-huber-feldmeilen\/#website"},"primaryImageOfPage":{"@id":"https:\/\/happy-netz.ch\/garage-huber-feldmeilen\/glasschaden\/#primaryimage"},"image":{"@id":"https:\/\/happy-netz.ch\/garage-huber-feldmeilen\/glasschaden\/#primaryimage"},"thumbnailUrl":"https:\/\/happy-netz.ch\/garage-huber-hombrechtikon\/wp-content\/uploads\/sites\/3\/2024\/11\/dienstleistungen-glasschaden-01.jpg","datePublished":"2024-11-13T17:30:04+00:00","dateModified":"2024-12-19T14:39:00+00:00","description":"Wir sind Ihre kompetenten Ansprechpartner f\u00fcr Sch\u00e4den an Windschutz-, Seiten- oder Heckscheiben f\u00fcr Ihren Audi. Vertrauen Sie auf unsere Expertise, um Glassch\u00e4den schnell und zuverl\u00e4ssig zu beheben und die Sicherheit Ihres Fahrzeugs wiederherzustellen. Garage Huber Feldmeilen.","breadcrumb":{"@id":"https:\/\/happy-netz.ch\/garage-huber-feldmeilen\/glasschaden\/#breadcrumb"},"inLanguage":"de-CH","potentialAction":[{"@type":"ReadAction","target":["https:\/\/happy-netz.ch\/garage-huber-feldmeilen\/glasschaden\/"]}]},{"@type":"ImageObject","inLanguage":"de-CH","@id":"https:\/\/happy-netz.ch\/garage-huber-feldmeilen\/glasschaden\/#primaryimage","url":"https:\/\/happy-netz.ch\/garage-huber-hombrechtikon\/wp-content\/uploads\/sites\/3\/2024\/11\/dienstleistungen-glasschaden-01.jpg","contentUrl":"https:\/\/happy-netz.ch\/garage-huber-hombrechtikon\/wp-content\/uploads\/sites\/3\/2024\/11\/dienstleistungen-glasschaden-01.jpg"},{"@type":"BreadcrumbList","@id":"https:\/\/happy-netz.ch\/garage-huber-feldmeilen\/glasschaden\/#breadcrumb","itemListElement":[{"@type":"ListItem","position":1,"name":"Home","item":"https:\/\/happy-netz.ch\/garage-huber-feldmeilen\/"},{"@type":"ListItem","position":2,"name":"Glasschaden"}]},{"@type":"WebSite","@id":"https:\/\/happy-netz.ch\/garage-huber-feldmeilen\/#website","url":"https:\/\/happy-netz.ch\/garage-huber-feldmeilen\/","name":"Garage Huber Feldmeilen","description":"Immer ein gutes Gef\u00fchl","publisher":{"@id":"https:\/\/happy-netz.ch\/garage-huber-feldmeilen\/#organization"},"potentialAction":[{"@type":"SearchAction","target":{"@type":"EntryPoint","urlTemplate":"https:\/\/happy-netz.ch\/garage-huber-feldmeilen\/?s={search_term_string}"},"query-input":{"@type":"PropertyValueSpecification","valueRequired":true,"valueName":"search_term_string"}}],"inLanguage":"de-CH"},{"@type":"Organization","@id":"https:\/\/happy-netz.ch\/garage-huber-feldmeilen\/#organization","name":"Garage Huber Feldmeilen","url":"https:\/\/happy-netz.ch\/garage-huber-feldmeilen\/","logo":{"@type":"ImageObject","inLanguage":"de-CH","@id":"https:\/\/happy-netz.ch\/garage-huber-feldmeilen\/#\/schema\/logo\/image\/","url":"https:\/\/happy-netz.ch\/garage-huber-feldmeilen\/wp-content\/uploads\/sites\/6\/2024\/12\/logo-happy_netz-garage_huber_feldmeilen-ed.png","contentUrl":"https:\/\/happy-netz.ch\/garage-huber-feldmeilen\/wp-content\/uploads\/sites\/6\/2024\/12\/logo-happy_netz-garage_huber_feldmeilen-ed.png","width":552,"height":150,"caption":"Garage Huber Feldmeilen"},"image":{"@id":"https:\/\/happy-netz.ch\/garage-huber-feldmeilen\/#\/schema\/logo\/image\/"}}]}},"_links":{"self":[{"href":"https:\/\/happy-netz.ch\/garage-huber-feldmeilen\/wp-json\/wp\/v2\/pages\/1513","targetHints":{"allow":["GET"]}}],"collection":[{"href":"https:\/\/happy-netz.ch\/garage-huber-feldmeilen\/wp-json\/wp\/v2\/pages"}],"about":[{"href":"https:\/\/happy-netz.ch\/garage-huber-feldmeilen\/wp-json\/wp\/v2\/types\/page"}],"author":[{"embeddable":true,"href":"https:\/\/happy-netz.ch\/garage-huber-feldmeilen\/wp-json\/wp\/v2\/users\/1"}],"replies":[{"embeddable":true,"href":"https:\/\/happy-netz.ch\/garage-huber-feldmeilen\/wp-json\/wp\/v2\/comments?post=1513"}],"version-history":[{"count":22,"href":"https:\/\/happy-netz.ch\/garage-huber-feldmeilen\/wp-json\/wp\/v2\/pages\/1513\/revisions"}],"predecessor-version":[{"id":2087,"href":"https:\/\/happy-netz.ch\/garage-huber-feldmeilen\/wp-json\/wp\/v2\/pages\/1513\/revisions\/2087"}],"wp:attachment":[{"href":"https:\/\/happy-netz.ch\/garage-huber-feldmeilen\/wp-json\/wp\/v2\/media?parent=1513"}],"wp:term":[{"taxonomy":"folder","embeddable":true,"href":"https:\/\/happy-netz.ch\/garage-huber-feldmeilen\/wp-json\/wp\/v2\/folder?post=1513"}],"curies":[{"name":"wp","href":"https:\/\/api.w.org\/{rel}","templated":true}]}}