{"id":196,"date":"2024-10-01T23:24:01","date_gmt":"2024-10-01T21:24:01","guid":{"rendered":"https:\/\/happy-netz.ch\/garage-huber-jona\/?page_id=196"},"modified":"2024-12-19T15:53:52","modified_gmt":"2024-12-19T14:53:52","slug":"news","status":"publish","type":"page","link":"https:\/\/happy-netz.ch\/garage-huber-jona\/news\/","title":{"rendered":"News"},"content":{"rendered":"\t\t<div data-elementor-type=\"wp-page\" data-elementor-id=\"196\" class=\"elementor elementor-196\" data-elementor-post-type=\"page\">\n\t\t\t\t<div class=\"elementor-element elementor-element-917a4b0 e-flex e-con-boxed e-con e-parent\" data-id=\"917a4b0\" data-element_type=\"container\" data-e-type=\"container\" data-settings=\"{&quot;background_background&quot;:&quot;classic&quot;}\">\n\t\t\t\t\t<div class=\"e-con-inner\">\n\t\t\t\t\t<\/div>\n\t\t\t\t<\/div>\n\t\t<div class=\"elementor-element elementor-element-8ac5117 e-flex e-con-boxed e-con e-parent\" data-id=\"8ac5117\" data-element_type=\"container\" data-e-type=\"container\">\n\t\t\t\t\t<div class=\"e-con-inner\">\n\t\t<div class=\"elementor-element elementor-element-85c53c6 e-con-full e-flex e-con e-child\" data-id=\"85c53c6\" data-element_type=\"container\" data-e-type=\"container\">\n\t\t<div class=\"elementor-element elementor-element-1b54ba2 e-con-full animated-fast e-flex elementor-invisible e-con e-child\" data-id=\"1b54ba2\" data-element_type=\"container\" data-e-type=\"container\" data-settings=\"{&quot;animation&quot;:&quot;fadeInLeft&quot;}\">\n\t\t\t\t<div class=\"elementor-element elementor-element-b613dc5 elementor-widget elementor-widget-heading\" data-id=\"b613dc5\" data-element_type=\"widget\" data-e-type=\"widget\" data-widget_type=\"heading.default\">\n\t\t\t\t<div class=\"elementor-widget-container\">\n\t\t\t\t\t<h1 class=\"elementor-heading-title elementor-size-default\">News<\/h1>\t\t\t\t<\/div>\n\t\t\t\t<\/div>\n\t\t\t\t<\/div>\n\t\t<div class=\"elementor-element elementor-element-07f7f35 e-con-full animated-slow e-flex elementor-invisible e-con e-child\" data-id=\"07f7f35\" data-element_type=\"container\" data-e-type=\"container\" data-settings=\"{&quot;animation&quot;:&quot;fadeIn&quot;,&quot;animation_delay&quot;:100}\">\n\t\t\t\t<div class=\"elementor-element elementor-element-f14fa28 elementor-widget elementor-widget-heading\" data-id=\"f14fa28\" data-element_type=\"widget\" data-e-type=\"widget\" data-widget_type=\"heading.default\">\n\t\t\t\t<div class=\"elementor-widget-container\">\n\t\t\t\t\t<h4 class=\"elementor-heading-title elementor-size-default\">Aktuelles rund um unsere Garage und unserer Marke.<\/h4>\t\t\t\t<\/div>\n\t\t\t\t<\/div>\n\t\t\t\t<div class=\"elementor-element elementor-element-6094e52 elementor-widget elementor-widget-text-editor\" data-id=\"6094e52\" data-element_type=\"widget\" data-e-type=\"widget\" data-widget_type=\"text-editor.default\">\n\t\t\t\t<div class=\"elementor-widget-container\">\n\t\t\t\t\t\t\t\t\t<p>Willkommen in unserer News-Rubrik. Hier informieren wir Sie regelm\u00e4ssig \u00fcber spannende Neuigkeiten, exklusive Angebote, Events und alles, was die Welt von Audi bewegt. Ob neue Fahrzeugmodelle oder wichtige Informationen rund um Ihren Werkstattbesuch \u2013 bei uns bleiben Sie immer bestens informiert.<\/p><p>Entdecken Sie die Highlights aus der Audi-Welt und erfahren Sie, wie wir t\u00e4glich daran arbeiten, Ihre Mobilit\u00e4t noch besser zu machen. Schauen Sie regelm\u00e4ssig vorbei und verpassen Sie keine Neuigkeiten aus Garage Huber in Jona.<\/p>\t\t\t\t\t\t\t\t<\/div>\n\t\t\t\t<\/div>\n\t\t\t\t<\/div>\n\t\t\t\t<\/div>\n\t\t\t\t\t<\/div>\n\t\t\t\t<\/div>\n\t\t<div class=\"elementor-element elementor-element-3a9b4f3 e-flex e-con-boxed e-con e-parent\" data-id=\"3a9b4f3\" data-element_type=\"container\" data-e-type=\"container\">\n\t\t\t\t\t<div class=\"e-con-inner\">\n\t\t\t\t<div class=\"elementor-element elementor-element-9cc2b6b elementor-grid-3 elementor-grid-tablet-2 elementor-grid-mobile-1 elementor-invisible elementor-widget elementor-widget-loop-grid\" data-id=\"9cc2b6b\" data-element_type=\"widget\" data-e-type=\"widget\" data-settings=\"{&quot;template_id&quot;:&quot;2065&quot;,&quot;row_gap&quot;:{&quot;unit&quot;:&quot;px&quot;,&quot;size&quot;:20,&quot;sizes&quot;:[]},&quot;_animation&quot;:&quot;fadeInUp&quot;,&quot;_skin&quot;:&quot;post&quot;,&quot;columns&quot;:&quot;3&quot;,&quot;columns_tablet&quot;:&quot;2&quot;,&quot;columns_mobile&quot;:&quot;1&quot;,&quot;edit_handle_selector&quot;:&quot;[data-elementor-type=\\&quot;loop-item\\&quot;]&quot;,&quot;row_gap_tablet&quot;:{&quot;unit&quot;:&quot;px&quot;,&quot;size&quot;:&quot;&quot;,&quot;sizes&quot;:[]},&quot;row_gap_mobile&quot;:{&quot;unit&quot;:&quot;px&quot;,&quot;size&quot;:&quot;&quot;,&quot;sizes&quot;:[]}}\" data-widget_type=\"loop-grid.post\">\n\t\t\t\t<div class=\"elementor-widget-container\">\n\t\t\t\t\t\t\t<div class=\"elementor-loop-container elementor-grid\" role=\"list\">\n\t\t<style id=\"loop-dynamic-2065\">.e-loop-item-105 .elementor-element.elementor-element-2b2c68e3:not(.elementor-motion-effects-element-type-background), .e-loop-item-105 .elementor-element.elementor-element-2b2c68e3 > .elementor-motion-effects-container > .elementor-motion-effects-layer{background-image:url(\"https:\/\/happy-netz.ch\/garage-huber-jona\/wp-content\/uploads\/sites\/7\/2024\/09\/slider-a6etron.jpg\");}.e-loop-item-105 .elementor-element.elementor-element-fccdf1a:not(.elementor-motion-effects-element-type-background), .e-loop-item-105 .elementor-element.elementor-element-fccdf1a > .elementor-motion-effects-container > .elementor-motion-effects-layer{background-image:url(\"https:\/\/happy-netz.ch\/garage-huber-jona\/wp-content\/uploads\/sites\/7\/2024\/09\/slider-a6etron.jpg\");}<\/style><style id=\"loop-2065\">.elementor-2065 .elementor-element.elementor-element-2b2c68e3{--display:flex;--flex-direction:column;--container-widget-width:100%;--container-widget-height:initial;--container-widget-flex-grow:0;--container-widget-align-self:initial;--flex-wrap-mobile:wrap;--justify-content:space-between;--gap:0px 0px;--row-gap:0px;--column-gap:0px;--border-radius:7px 7px 7px 7px;--padding-top:0px;--padding-bottom:0px;--padding-left:0px;--padding-right:0px;}.elementor-2065 .elementor-element.elementor-element-2b2c68e3:not(.elementor-motion-effects-element-type-background), .elementor-2065 .elementor-element.elementor-element-2b2c68e3 > .elementor-motion-effects-container > .elementor-motion-effects-layer{background-position:center center;background-size:cover;}.elementor-2065 .elementor-element.elementor-element-fccdf1a{--display:flex;--min-height:200px;--justify-content:space-between;--border-radius:7px 7px 0px 0px;--padding-top:15px;--padding-bottom:15px;--padding-left:15px;--padding-right:15px;}.elementor-2065 .elementor-element.elementor-element-fccdf1a:not(.elementor-motion-effects-element-type-background), .elementor-2065 .elementor-element.elementor-element-fccdf1a > .elementor-motion-effects-container > .elementor-motion-effects-layer{background-position:center center;background-size:cover;}.elementor-widget-text-editor{font-family:var( --e-global-typography-text-font-family ), Sans-serif;font-weight:var( --e-global-typography-text-font-weight );color:var( --e-global-color-text );}.elementor-widget-text-editor.elementor-drop-cap-view-stacked .elementor-drop-cap{background-color:var( --e-global-color-primary );}.elementor-widget-text-editor.elementor-drop-cap-view-framed .elementor-drop-cap, .elementor-widget-text-editor.elementor-drop-cap-view-default .elementor-drop-cap{color:var( --e-global-color-primary );border-color:var( --e-global-color-primary );}.elementor-2065 .elementor-element.elementor-element-4af9ee2{font-size:10px;font-weight:700;text-transform:uppercase;line-height:19px;letter-spacing:-0.1px;color:var( --e-global-color-f247e4c );}.elementor-2065 .elementor-element.elementor-element-4af9ee2 > .elementor-widget-container{padding:3px 10px 3px 10px;background-color:var( --e-global-color-accent );border-radius:20px 20px 20px 20px;}.elementor-2065 .elementor-element.elementor-element-4af9ee2.elementor-element{--align-self:flex-start;}.elementor-2065 .elementor-element.elementor-element-06314dd{--display:flex;--gap:10px 10px;--row-gap:10px;--column-gap:10px;--border-radius:0px 0px 7px 7px;--padding-top:15px;--padding-bottom:15px;--padding-left:15px;--padding-right:15px;}.elementor-2065 .elementor-element.elementor-element-06314dd:not(.elementor-motion-effects-element-type-background), .elementor-2065 .elementor-element.elementor-element-06314dd > .elementor-motion-effects-container > .elementor-motion-effects-layer{background-color:var( --e-global-color-secondary );}.elementor-2065 .elementor-element.elementor-element-06314dd.e-con{--align-self:center;}.elementor-widget-theme-post-title .elementor-heading-title{font-family:var( --e-global-typography-primary-font-family ), Sans-serif;font-weight:var( --e-global-typography-primary-font-weight );color:var( --e-global-color-primary );}.elementor-2065 .elementor-element.elementor-element-31f9fb2 .elementor-heading-title{font-family:\"Verdana\", Sans-serif;font-size:16px;font-weight:700;line-height:22px;color:#FFFFFF;}.elementor-widget-button .elementor-button{font-family:var( --e-global-typography-accent-font-family ), Sans-serif;font-weight:var( --e-global-typography-accent-font-weight );background-color:var( --e-global-color-accent );}.elementor-2065 .elementor-element.elementor-element-691866b .elementor-button-content-wrapper{flex-direction:row;}.elementor-2065 .elementor-element.elementor-element-691866b .elementor-button .elementor-button-content-wrapper{gap:6px;}.elementor-2065 .elementor-element.elementor-element-691866b .elementor-button{fill:var( --e-global-color-accent );color:var( --e-global-color-accent );background-color:#FFFFFF00;padding:0px 0px 0px 0px;}.elementor-2065 .elementor-element.elementor-element-691866b .elementor-button:hover, .elementor-2065 .elementor-element.elementor-element-691866b .elementor-button:focus{color:var( --e-global-color-f247e4c );}.elementor-2065 .elementor-element.elementor-element-691866b .elementor-button:hover svg, .elementor-2065 .elementor-element.elementor-element-691866b .elementor-button:focus svg{fill:var( --e-global-color-f247e4c );}\/* Start custom CSS for text-editor, class: .elementor-element-4af9ee2 *\/.loop-button a { color:#fff !important; }\/* End custom CSS *\/<\/style>\t\t<div data-elementor-type=\"loop-item\" data-elementor-id=\"2065\" class=\"elementor elementor-2065 e-loop-item e-loop-item-105 post-105 post type-post status-publish format-standard has-post-thumbnail hentry category-garage-huber-jona category-happy-netz\" data-elementor-post-type=\"elementor_library\" data-custom-edit-handle=\"1\">\n\t\t\t<div class=\"elementor-element elementor-element-2b2c68e3 e-con-full e-flex e-con e-parent\" data-id=\"2b2c68e3\" data-element_type=\"container\" data-e-type=\"container\" data-settings=\"{&quot;background_background&quot;:&quot;classic&quot;}\">\n\t\t<div class=\"elementor-element elementor-element-fccdf1a e-con-full e-flex e-con e-child\" data-id=\"fccdf1a\" data-element_type=\"container\" data-e-type=\"container\" data-settings=\"{&quot;background_background&quot;:&quot;classic&quot;}\">\n\t\t\t\t<div class=\"elementor-element elementor-element-4af9ee2 loop-button elementor-widget elementor-widget-text-editor\" data-id=\"4af9ee2\" data-element_type=\"widget\" data-e-type=\"widget\" data-widget_type=\"text-editor.default\">\n\t\t\t\t<div class=\"elementor-widget-container\">\n\t\t\t\t\t\t\t\t\t<p class=\"marginer-no\">Garage Huber Jona<\/p>\t\t\t\t\t\t\t\t<\/div>\n\t\t\t\t<\/div>\n\t\t\t\t<\/div>\n\t\t<div class=\"elementor-element elementor-element-06314dd e-con-full e-flex e-con e-child\" data-id=\"06314dd\" data-element_type=\"container\" data-e-type=\"container\" data-settings=\"{&quot;background_background&quot;:&quot;classic&quot;}\">\n\t\t\t\t<div class=\"elementor-element elementor-element-31f9fb2 elementor-widget elementor-widget-theme-post-title elementor-page-title elementor-widget-heading\" data-id=\"31f9fb2\" data-element_type=\"widget\" data-e-type=\"widget\" data-widget_type=\"theme-post-title.default\">\n\t\t\t\t<div class=\"elementor-widget-container\">\n\t\t\t\t\t<h3 class=\"elementor-heading-title elementor-size-default\"><a href=\"https:\/\/happy-netz.ch\/garage-huber-jona\/2024\/12\/09\/audi-s6-e-tron\/\">Neuer Audi S6 e-tron &#8211; Eine elektrisierende Performance die begeistert.<\/a><\/h3>\t\t\t\t<\/div>\n\t\t\t\t<\/div>\n\t\t\t\t<div class=\"elementor-element elementor-element-691866b elementor-widget elementor-widget-button\" data-id=\"691866b\" data-element_type=\"widget\" data-e-type=\"widget\" data-widget_type=\"button.default\">\n\t\t\t\t<div class=\"elementor-widget-container\">\n\t\t\t\t\t\t\t\t\t<div class=\"elementor-button-wrapper\">\n\t\t\t\t\t<a class=\"elementor-button elementor-button-link elementor-size-sm\" href=\"https:\/\/happy-netz.ch\/garage-huber-jona\/2024\/12\/09\/audi-s6-e-tron\/\">\n\t\t\t\t\t\t<span class=\"elementor-button-content-wrapper\">\n\t\t\t\t\t\t<span class=\"elementor-button-icon\">\n\t\t\t\t<svg aria-hidden=\"true\" class=\"e-font-icon-svg e-fas-chevron-right\" viewBox=\"0 0 320 512\" xmlns=\"http:\/\/www.w3.org\/2000\/svg\"><path d=\"M285.476 272.971L91.132 467.314c-9.373 9.373-24.569 9.373-33.941 0l-22.667-22.667c-9.357-9.357-9.375-24.522-.04-33.901L188.505 256 34.484 101.255c-9.335-9.379-9.317-24.544.04-33.901l22.667-22.667c9.373-9.373 24.569-9.373 33.941 0L285.475 239.03c9.373 9.372 9.373 24.568.001 33.941z\"><\/path><\/svg>\t\t\t<\/span>\n\t\t\t\t\t\t\t\t\t<span class=\"elementor-button-text\">Mehr lesen<\/span>\n\t\t\t\t\t<\/span>\n\t\t\t\t\t<\/a>\n\t\t\t\t<\/div>\n\t\t\t\t\t\t\t\t<\/div>\n\t\t\t\t<\/div>\n\t\t\t\t<\/div>\n\t\t\t\t<\/div>\n\t\t\t\t<\/div>\n\t\t<style id=\"loop-dynamic-2065\">.e-loop-item-2127 .elementor-element.elementor-element-2b2c68e3:not(.elementor-motion-effects-element-type-background), .e-loop-item-2127 .elementor-element.elementor-element-2b2c68e3 > .elementor-motion-effects-container > .elementor-motion-effects-layer{background-image:url(\"https:\/\/happy-netz.ch\/garage-huber-jona\/wp-content\/uploads\/sites\/7\/2024\/12\/Audi-Q5-scaled.jpeg\");}.e-loop-item-2127 .elementor-element.elementor-element-fccdf1a:not(.elementor-motion-effects-element-type-background), .e-loop-item-2127 .elementor-element.elementor-element-fccdf1a > .elementor-motion-effects-container > .elementor-motion-effects-layer{background-image:url(\"https:\/\/happy-netz.ch\/garage-huber-jona\/wp-content\/uploads\/sites\/7\/2024\/12\/Audi-Q5-scaled.jpeg\");}<\/style>\t\t<div data-elementor-type=\"loop-item\" data-elementor-id=\"2065\" class=\"elementor elementor-2065 e-loop-item e-loop-item-2127 post-2127 post type-post status-publish format-standard has-post-thumbnail hentry category-garage-huber-jona category-happy-netz\" data-elementor-post-type=\"elementor_library\" data-custom-edit-handle=\"1\">\n\t\t\t<div class=\"elementor-element elementor-element-2b2c68e3 e-con-full e-flex e-con e-parent\" data-id=\"2b2c68e3\" data-element_type=\"container\" data-e-type=\"container\" data-settings=\"{&quot;background_background&quot;:&quot;classic&quot;}\">\n\t\t<div class=\"elementor-element elementor-element-fccdf1a e-con-full e-flex e-con e-child\" data-id=\"fccdf1a\" data-element_type=\"container\" data-e-type=\"container\" data-settings=\"{&quot;background_background&quot;:&quot;classic&quot;}\">\n\t\t\t\t<div class=\"elementor-element elementor-element-4af9ee2 loop-button elementor-widget elementor-widget-text-editor\" data-id=\"4af9ee2\" data-element_type=\"widget\" data-e-type=\"widget\" data-widget_type=\"text-editor.default\">\n\t\t\t\t<div class=\"elementor-widget-container\">\n\t\t\t\t\t\t\t\t\t<p class=\"marginer-no\">Garage Huber Jona<\/p>\t\t\t\t\t\t\t\t<\/div>\n\t\t\t\t<\/div>\n\t\t\t\t<\/div>\n\t\t<div class=\"elementor-element elementor-element-06314dd e-con-full e-flex e-con e-child\" data-id=\"06314dd\" data-element_type=\"container\" data-e-type=\"container\" data-settings=\"{&quot;background_background&quot;:&quot;classic&quot;}\">\n\t\t\t\t<div class=\"elementor-element elementor-element-31f9fb2 elementor-widget elementor-widget-theme-post-title elementor-page-title elementor-widget-heading\" data-id=\"31f9fb2\" data-element_type=\"widget\" data-e-type=\"widget\" data-widget_type=\"theme-post-title.default\">\n\t\t\t\t<div class=\"elementor-widget-container\">\n\t\t\t\t\t<h3 class=\"elementor-heading-title elementor-size-default\"><a href=\"https:\/\/happy-netz.ch\/garage-huber-jona\/2024\/12\/05\/der-neue-audi-sq5\/\">Neuer Audi SQ5 SUV \u2013 Ein Kompliment an die Strasse dank kraftvollem Design.<\/a><\/h3>\t\t\t\t<\/div>\n\t\t\t\t<\/div>\n\t\t\t\t<div class=\"elementor-element elementor-element-691866b elementor-widget elementor-widget-button\" data-id=\"691866b\" data-element_type=\"widget\" data-e-type=\"widget\" data-widget_type=\"button.default\">\n\t\t\t\t<div class=\"elementor-widget-container\">\n\t\t\t\t\t\t\t\t\t<div class=\"elementor-button-wrapper\">\n\t\t\t\t\t<a class=\"elementor-button elementor-button-link elementor-size-sm\" href=\"https:\/\/happy-netz.ch\/garage-huber-jona\/2024\/12\/05\/der-neue-audi-sq5\/\">\n\t\t\t\t\t\t<span class=\"elementor-button-content-wrapper\">\n\t\t\t\t\t\t<span class=\"elementor-button-icon\">\n\t\t\t\t<svg aria-hidden=\"true\" class=\"e-font-icon-svg e-fas-chevron-right\" viewBox=\"0 0 320 512\" xmlns=\"http:\/\/www.w3.org\/2000\/svg\"><path d=\"M285.476 272.971L91.132 467.314c-9.373 9.373-24.569 9.373-33.941 0l-22.667-22.667c-9.357-9.357-9.375-24.522-.04-33.901L188.505 256 34.484 101.255c-9.335-9.379-9.317-24.544.04-33.901l22.667-22.667c9.373-9.373 24.569-9.373 33.941 0L285.475 239.03c9.373 9.372 9.373 24.568.001 33.941z\"><\/path><\/svg>\t\t\t<\/span>\n\t\t\t\t\t\t\t\t\t<span class=\"elementor-button-text\">Mehr lesen<\/span>\n\t\t\t\t\t<\/span>\n\t\t\t\t\t<\/a>\n\t\t\t\t<\/div>\n\t\t\t\t\t\t\t\t<\/div>\n\t\t\t\t<\/div>\n\t\t\t\t<\/div>\n\t\t\t\t<\/div>\n\t\t\t\t<\/div>\n\t\t\t\t<\/div>\n\t\t\n\t\t\t\t\t\t<\/div>\n\t\t\t\t<\/div>\n\t\t\t\t\t<\/div>\n\t\t\t\t<\/div>\n\t\t\t\t<\/div>\n\t\t","protected":false},"excerpt":{"rendered":"<p>News Aktuelles rund um unsere Garage und unserer Marke. Willkommen in unserer News-Rubrik. Hier informieren wir Sie regelm\u00e4ssig \u00fcber spannende Neuigkeiten, exklusive Angebote, Events und alles, was die Welt von Audi bewegt. Ob neue Fahrzeugmodelle oder wichtige Informationen rund um Ihren Werkstattbesuch \u2013 bei uns bleiben Sie immer bestens informiert. Entdecken Sie die Highlights aus [&hellip;]<\/p>\n","protected":false},"author":1,"featured_media":0,"parent":0,"menu_order":0,"comment_status":"closed","ping_status":"closed","template":"","meta":{"footnotes":""},"folder":[],"class_list":["post-196","page","type-page","status-publish","hentry"],"yoast_head":"<!-- This site is optimized with the Yoast SEO Premium plugin v26.0 (Yoast SEO v27.1.1) - https:\/\/yoast.com\/product\/yoast-seo-premium-wordpress\/ -->\n<title>News - Garage Huber Jona<\/title>\n<meta name=\"description\" content=\"Entdecken Sie die Highlights aus der Audi-Welt und erfahren Sie, wie wir t\u00e4glich daran arbeiten, Ihre Mobilit\u00e4t noch besser zu machen. Schauen Sie regelm\u00e4ssig vorbei und verpassen Sie keine Neuigkeiten aus Garage Huber in Jona.\" \/>\n<meta name=\"robots\" content=\"index, follow, max-snippet:-1, max-image-preview:large, max-video-preview:-1\" \/>\n<link rel=\"canonical\" href=\"https:\/\/happy-netz.ch\/garage-huber-jona\/news\/\" \/>\n<meta property=\"og:locale\" content=\"de_DE\" \/>\n<meta property=\"og:type\" content=\"article\" \/>\n<meta property=\"og:title\" content=\"News\" \/>\n<meta property=\"og:description\" content=\"Entdecken Sie die Highlights aus der Audi-Welt und erfahren Sie, wie wir t\u00e4glich daran arbeiten, Ihre Mobilit\u00e4t noch besser zu machen. Schauen Sie regelm\u00e4ssig vorbei und verpassen Sie keine Neuigkeiten aus Garage Huber in Jona.\" \/>\n<meta property=\"og:url\" content=\"https:\/\/happy-netz.ch\/garage-huber-jona\/news\/\" \/>\n<meta property=\"og:site_name\" content=\"Garage Huber Jona\" \/>\n<meta property=\"article:modified_time\" content=\"2024-12-19T14:53:52+00:00\" \/>\n<meta name=\"twitter:card\" content=\"summary_large_image\" \/>\n<meta name=\"twitter:label1\" content=\"Gesch\u00e4tzte Lesezeit\" \/>\n\t<meta name=\"twitter:data1\" content=\"1\u00a0Minute\" \/>\n<script type=\"application\/ld+json\" class=\"yoast-schema-graph\">{\"@context\":\"https:\/\/schema.org\",\"@graph\":[{\"@type\":\"WebPage\",\"@id\":\"https:\/\/happy-netz.ch\/garage-huber-jona\/news\/\",\"url\":\"https:\/\/happy-netz.ch\/garage-huber-jona\/news\/\",\"name\":\"News - Garage Huber Jona\",\"isPartOf\":{\"@id\":\"https:\/\/happy-netz.ch\/garage-huber-jona\/#website\"},\"datePublished\":\"2024-10-01T21:24:01+00:00\",\"dateModified\":\"2024-12-19T14:53:52+00:00\",\"description\":\"Entdecken Sie die Highlights aus der Audi-Welt und erfahren Sie, wie wir t\u00e4glich daran arbeiten, Ihre Mobilit\u00e4t noch besser zu machen. Schauen Sie regelm\u00e4ssig vorbei und verpassen Sie keine Neuigkeiten aus Garage Huber in Jona.\",\"breadcrumb\":{\"@id\":\"https:\/\/happy-netz.ch\/garage-huber-jona\/news\/#breadcrumb\"},\"inLanguage\":\"de-CH\",\"potentialAction\":[{\"@type\":\"ReadAction\",\"target\":[\"https:\/\/happy-netz.ch\/garage-huber-jona\/news\/\"]}]},{\"@type\":\"BreadcrumbList\",\"@id\":\"https:\/\/happy-netz.ch\/garage-huber-jona\/news\/#breadcrumb\",\"itemListElement\":[{\"@type\":\"ListItem\",\"position\":1,\"name\":\"Home\",\"item\":\"https:\/\/happy-netz.ch\/garage-huber-jona\/\"},{\"@type\":\"ListItem\",\"position\":2,\"name\":\"News\"}]},{\"@type\":\"WebSite\",\"@id\":\"https:\/\/happy-netz.ch\/garage-huber-jona\/#website\",\"url\":\"https:\/\/happy-netz.ch\/garage-huber-jona\/\",\"name\":\"Garage Huber Jona\",\"description\":\"Immer ein gutes Gef\u00fchl\",\"publisher\":{\"@id\":\"https:\/\/happy-netz.ch\/garage-huber-jona\/#organization\"},\"potentialAction\":[{\"@type\":\"SearchAction\",\"target\":{\"@type\":\"EntryPoint\",\"urlTemplate\":\"https:\/\/happy-netz.ch\/garage-huber-jona\/?s={search_term_string}\"},\"query-input\":{\"@type\":\"PropertyValueSpecification\",\"valueRequired\":true,\"valueName\":\"search_term_string\"}}],\"inLanguage\":\"de-CH\"},{\"@type\":\"Organization\",\"@id\":\"https:\/\/happy-netz.ch\/garage-huber-jona\/#organization\",\"name\":\"Garage Huber Jona\",\"url\":\"https:\/\/happy-netz.ch\/garage-huber-jona\/\",\"logo\":{\"@type\":\"ImageObject\",\"inLanguage\":\"de-CH\",\"@id\":\"https:\/\/happy-netz.ch\/garage-huber-jona\/#\/schema\/logo\/image\/\",\"url\":\"https:\/\/happy-netz.ch\/garage-huber-jona\/wp-content\/uploads\/sites\/7\/2024\/12\/logo-happy_netz-garage_huber_jona-ed.png\",\"contentUrl\":\"https:\/\/happy-netz.ch\/garage-huber-jona\/wp-content\/uploads\/sites\/7\/2024\/12\/logo-happy_netz-garage_huber_jona-ed.png\",\"width\":552,\"height\":150,\"caption\":\"Garage Huber Jona\"},\"image\":{\"@id\":\"https:\/\/happy-netz.ch\/garage-huber-jona\/#\/schema\/logo\/image\/\"}}]}<\/script>\n<!-- \/ Yoast SEO Premium plugin. -->","yoast_head_json":{"title":"News - Garage Huber Jona","description":"Entdecken Sie die Highlights aus der Audi-Welt und erfahren Sie, wie wir t\u00e4glich daran arbeiten, Ihre Mobilit\u00e4t noch besser zu machen. Schauen Sie regelm\u00e4ssig vorbei und verpassen Sie keine Neuigkeiten aus Garage Huber in Jona.","robots":{"index":"index","follow":"follow","max-snippet":"max-snippet:-1","max-image-preview":"max-image-preview:large","max-video-preview":"max-video-preview:-1"},"canonical":"https:\/\/happy-netz.ch\/garage-huber-jona\/news\/","og_locale":"de_DE","og_type":"article","og_title":"News","og_description":"Entdecken Sie die Highlights aus der Audi-Welt und erfahren Sie, wie wir t\u00e4glich daran arbeiten, Ihre Mobilit\u00e4t noch besser zu machen. Schauen Sie regelm\u00e4ssig vorbei und verpassen Sie keine Neuigkeiten aus Garage Huber in Jona.","og_url":"https:\/\/happy-netz.ch\/garage-huber-jona\/news\/","og_site_name":"Garage Huber Jona","article_modified_time":"2024-12-19T14:53:52+00:00","twitter_card":"summary_large_image","twitter_misc":{"Gesch\u00e4tzte Lesezeit":"1\u00a0Minute"},"schema":{"@context":"https:\/\/schema.org","@graph":[{"@type":"WebPage","@id":"https:\/\/happy-netz.ch\/garage-huber-jona\/news\/","url":"https:\/\/happy-netz.ch\/garage-huber-jona\/news\/","name":"News - Garage Huber Jona","isPartOf":{"@id":"https:\/\/happy-netz.ch\/garage-huber-jona\/#website"},"datePublished":"2024-10-01T21:24:01+00:00","dateModified":"2024-12-19T14:53:52+00:00","description":"Entdecken Sie die Highlights aus der Audi-Welt und erfahren Sie, wie wir t\u00e4glich daran arbeiten, Ihre Mobilit\u00e4t noch besser zu machen. Schauen Sie regelm\u00e4ssig vorbei und verpassen Sie keine Neuigkeiten aus Garage Huber in Jona.","breadcrumb":{"@id":"https:\/\/happy-netz.ch\/garage-huber-jona\/news\/#breadcrumb"},"inLanguage":"de-CH","potentialAction":[{"@type":"ReadAction","target":["https:\/\/happy-netz.ch\/garage-huber-jona\/news\/"]}]},{"@type":"BreadcrumbList","@id":"https:\/\/happy-netz.ch\/garage-huber-jona\/news\/#breadcrumb","itemListElement":[{"@type":"ListItem","position":1,"name":"Home","item":"https:\/\/happy-netz.ch\/garage-huber-jona\/"},{"@type":"ListItem","position":2,"name":"News"}]},{"@type":"WebSite","@id":"https:\/\/happy-netz.ch\/garage-huber-jona\/#website","url":"https:\/\/happy-netz.ch\/garage-huber-jona\/","name":"Garage Huber Jona","description":"Immer ein gutes Gef\u00fchl","publisher":{"@id":"https:\/\/happy-netz.ch\/garage-huber-jona\/#organization"},"potentialAction":[{"@type":"SearchAction","target":{"@type":"EntryPoint","urlTemplate":"https:\/\/happy-netz.ch\/garage-huber-jona\/?s={search_term_string}"},"query-input":{"@type":"PropertyValueSpecification","valueRequired":true,"valueName":"search_term_string"}}],"inLanguage":"de-CH"},{"@type":"Organization","@id":"https:\/\/happy-netz.ch\/garage-huber-jona\/#organization","name":"Garage Huber Jona","url":"https:\/\/happy-netz.ch\/garage-huber-jona\/","logo":{"@type":"ImageObject","inLanguage":"de-CH","@id":"https:\/\/happy-netz.ch\/garage-huber-jona\/#\/schema\/logo\/image\/","url":"https:\/\/happy-netz.ch\/garage-huber-jona\/wp-content\/uploads\/sites\/7\/2024\/12\/logo-happy_netz-garage_huber_jona-ed.png","contentUrl":"https:\/\/happy-netz.ch\/garage-huber-jona\/wp-content\/uploads\/sites\/7\/2024\/12\/logo-happy_netz-garage_huber_jona-ed.png","width":552,"height":150,"caption":"Garage Huber Jona"},"image":{"@id":"https:\/\/happy-netz.ch\/garage-huber-jona\/#\/schema\/logo\/image\/"}}]}},"_links":{"self":[{"href":"https:\/\/happy-netz.ch\/garage-huber-jona\/wp-json\/wp\/v2\/pages\/196","targetHints":{"allow":["GET"]}}],"collection":[{"href":"https:\/\/happy-netz.ch\/garage-huber-jona\/wp-json\/wp\/v2\/pages"}],"about":[{"href":"https:\/\/happy-netz.ch\/garage-huber-jona\/wp-json\/wp\/v2\/types\/page"}],"author":[{"embeddable":true,"href":"https:\/\/happy-netz.ch\/garage-huber-jona\/wp-json\/wp\/v2\/users\/1"}],"replies":[{"embeddable":true,"href":"https:\/\/happy-netz.ch\/garage-huber-jona\/wp-json\/wp\/v2\/comments?post=196"}],"version-history":[{"count":43,"href":"https:\/\/happy-netz.ch\/garage-huber-jona\/wp-json\/wp\/v2\/pages\/196\/revisions"}],"predecessor-version":[{"id":2092,"href":"https:\/\/happy-netz.ch\/garage-huber-jona\/wp-json\/wp\/v2\/pages\/196\/revisions\/2092"}],"wp:attachment":[{"href":"https:\/\/happy-netz.ch\/garage-huber-jona\/wp-json\/wp\/v2\/media?parent=196"}],"wp:term":[{"taxonomy":"folder","embeddable":true,"href":"https:\/\/happy-netz.ch\/garage-huber-jona\/wp-json\/wp\/v2\/folder?post=196"}],"curies":[{"name":"wp","href":"https:\/\/api.w.org\/{rel}","templated":true}]}}