{"id":2400,"date":"2024-12-11T01:18:27","date_gmt":"2024-12-11T00:18:27","guid":{"rendered":"https:\/\/happy-netz.ch\/seefeld-garage-rueti\/?page_id=2400"},"modified":"2024-12-11T01:23:18","modified_gmt":"2024-12-11T00:23:18","slug":"impressum","status":"publish","type":"page","link":"https:\/\/happy-netz.ch\/seefeld-garage-rueti\/impressum\/","title":{"rendered":"Impressum"},"content":{"rendered":"\t\t<div data-elementor-type=\"wp-page\" data-elementor-id=\"2400\" class=\"elementor elementor-2400\" data-elementor-post-type=\"page\">\n\t\t\t\t<div class=\"elementor-element elementor-element-4e3fc84 e-flex e-con-boxed e-con e-parent\" data-id=\"4e3fc84\" data-element_type=\"container\" data-e-type=\"container\">\n\t\t\t\t\t<div class=\"e-con-inner\">\n\t\t<div class=\"elementor-element elementor-element-f319f7d e-con-full e-flex e-con e-child\" data-id=\"f319f7d\" data-element_type=\"container\" data-e-type=\"container\">\n\t\t<div class=\"elementor-element elementor-element-cd8f60e e-con-full e-flex e-con e-child\" data-id=\"cd8f60e\" data-element_type=\"container\" data-e-type=\"container\" data-settings=\"{&quot;sticky&quot;:&quot;top&quot;,&quot;sticky_on&quot;:[&quot;desktop&quot;,&quot;tablet&quot;],&quot;sticky_offset&quot;:130,&quot;sticky_parent&quot;:&quot;yes&quot;,&quot;sticky_effects_offset&quot;:0,&quot;sticky_anchor_link_offset&quot;:0}\">\n\t\t\t\t<div class=\"elementor-element elementor-element-401a68f elementor-widget elementor-widget-heading\" data-id=\"401a68f\" data-element_type=\"widget\" data-e-type=\"widget\" data-widget_type=\"heading.default\">\n\t\t\t\t<div class=\"elementor-widget-container\">\n\t\t\t\t\t<h1 class=\"elementor-heading-title elementor-size-default\">Impressum<\/h1>\t\t\t\t<\/div>\n\t\t\t\t<\/div>\n\t\t<div class=\"elementor-element elementor-element-0d48930 e-con-full e-flex e-con e-child\" data-id=\"0d48930\" data-element_type=\"container\" data-e-type=\"container\">\n\t\t\t\t<div class=\"elementor-element elementor-element-beede7e elementor-widget elementor-widget-text-editor\" data-id=\"beede7e\" data-element_type=\"widget\" data-e-type=\"widget\" data-widget_type=\"text-editor.default\">\n\t\t\t\t<div class=\"elementor-widget-container\">\n\t\t\t\t\t\t\t\t\t<p><strong>Seefeld Garage AG<\/strong><br \/>Rapperswilerstrasse 50<br \/>8630 R\u00fcti<\/p>\t\t\t\t\t\t\t\t<\/div>\n\t\t\t\t<\/div>\n\t\t\t\t<div class=\"elementor-element elementor-element-8679306 elementor-icon-list--layout-traditional elementor-list-item-link-full_width elementor-widget elementor-widget-icon-list\" data-id=\"8679306\" data-element_type=\"widget\" data-e-type=\"widget\" data-widget_type=\"icon-list.default\">\n\t\t\t\t<div class=\"elementor-widget-container\">\n\t\t\t\t\t\t\t<ul class=\"elementor-icon-list-items\">\n\t\t\t\t\t\t\t<li class=\"elementor-icon-list-item\">\n\t\t\t\t\t\t\t\t\t\t\t<a href=\"mailto:info@seefeld-garage.ch\">\n\n\t\t\t\t\t\t\t\t\t\t\t\t<span class=\"elementor-icon-list-icon\">\n\t\t\t\t\t\t\t<svg aria-hidden=\"true\" class=\"e-font-icon-svg e-far-envelope\" viewBox=\"0 0 512 512\" xmlns=\"http:\/\/www.w3.org\/2000\/svg\"><path d=\"M464 64H48C21.49 64 0 85.49 0 112v288c0 26.51 21.49 48 48 48h416c26.51 0 48-21.49 48-48V112c0-26.51-21.49-48-48-48zm0 48v40.805c-22.422 18.259-58.168 46.651-134.587 106.49-16.841 13.247-50.201 45.072-73.413 44.701-23.208.375-56.579-31.459-73.413-44.701C106.18 199.465 70.425 171.067 48 152.805V112h416zM48 400V214.398c22.914 18.251 55.409 43.862 104.938 82.646 21.857 17.205 60.134 55.186 103.062 54.955 42.717.231 80.509-37.199 103.053-54.947 49.528-38.783 82.032-64.401 104.947-82.653V400H48z\"><\/path><\/svg>\t\t\t\t\t\t<\/span>\n\t\t\t\t\t\t\t\t\t\t<span class=\"elementor-icon-list-text\">info@seefeld-garage.ch<\/span>\n\t\t\t\t\t\t\t\t\t\t\t<\/a>\n\t\t\t\t\t\t\t\t\t<\/li>\n\t\t\t\t\t\t\t\t<li class=\"elementor-icon-list-item\">\n\t\t\t\t\t\t\t\t\t\t\t<a href=\"tel:+410552401355\">\n\n\t\t\t\t\t\t\t\t\t\t\t\t<span class=\"elementor-icon-list-icon\">\n\t\t\t\t\t\t\t<svg aria-hidden=\"true\" class=\"e-font-icon-svg e-fas-phone-alt\" viewBox=\"0 0 512 512\" xmlns=\"http:\/\/www.w3.org\/2000\/svg\"><path d=\"M497.39 361.8l-112-48a24 24 0 0 0-28 6.9l-49.6 60.6A370.66 370.66 0 0 1 130.6 204.11l60.6-49.6a23.94 23.94 0 0 0 6.9-28l-48-112A24.16 24.16 0 0 0 122.6.61l-104 24A24 24 0 0 0 0 48c0 256.5 207.9 464 464 464a24 24 0 0 0 23.4-18.6l24-104a24.29 24.29 0 0 0-14.01-27.6z\"><\/path><\/svg>\t\t\t\t\t\t<\/span>\n\t\t\t\t\t\t\t\t\t\t<span class=\"elementor-icon-list-text\">+41 055 240 13 55<\/span>\n\t\t\t\t\t\t\t\t\t\t\t<\/a>\n\t\t\t\t\t\t\t\t\t<\/li>\n\t\t\t\t\t\t\t\t<li class=\"elementor-icon-list-item\">\n\t\t\t\t\t\t\t\t\t\t\t<span class=\"elementor-icon-list-icon\">\n\t\t\t\t\t\t\t<svg aria-hidden=\"true\" class=\"e-font-icon-svg e-fas-chevron-right\" viewBox=\"0 0 320 512\" xmlns=\"http:\/\/www.w3.org\/2000\/svg\"><path d=\"M285.476 272.971L91.132 467.314c-9.373 9.373-24.569 9.373-33.941 0l-22.667-22.667c-9.357-9.357-9.375-24.522-.04-33.901L188.505 256 34.484 101.255c-9.335-9.379-9.317-24.544.04-33.901l22.667-22.667c9.373-9.373 24.569-9.373 33.941 0L285.475 239.03c9.373 9.372 9.373 24.568.001 33.941z\"><\/path><\/svg>\t\t\t\t\t\t<\/span>\n\t\t\t\t\t\t\t\t\t\t<span class=\"elementor-icon-list-text\">UID: CHE-107.927.387<\/span>\n\t\t\t\t\t\t\t\t\t<\/li>\n\t\t\t\t\t\t\t\t<li class=\"elementor-icon-list-item\">\n\t\t\t\t\t\t\t\t\t\t\t<span class=\"elementor-icon-list-icon\">\n\t\t\t\t\t\t\t<svg aria-hidden=\"true\" class=\"e-font-icon-svg e-fas-chevron-right\" viewBox=\"0 0 320 512\" xmlns=\"http:\/\/www.w3.org\/2000\/svg\"><path d=\"M285.476 272.971L91.132 467.314c-9.373 9.373-24.569 9.373-33.941 0l-22.667-22.667c-9.357-9.357-9.375-24.522-.04-33.901L188.505 256 34.484 101.255c-9.335-9.379-9.317-24.544.04-33.901l22.667-22.667c9.373-9.373 24.569-9.373 33.941 0L285.475 239.03c9.373 9.372 9.373 24.568.001 33.941z\"><\/path><\/svg>\t\t\t\t\t\t<\/span>\n\t\t\t\t\t\t\t\t\t\t<span class=\"elementor-icon-list-text\">MWST: CHE-107.927.387<\/span>\n\t\t\t\t\t\t\t\t\t<\/li>\n\t\t\t\t\t\t<\/ul>\n\t\t\t\t\t\t<\/div>\n\t\t\t\t<\/div>\n\t\t\t\t<\/div>\n\t\t<div class=\"elementor-element elementor-element-cad7f3e e-con-full e-flex e-con e-child\" data-id=\"cad7f3e\" data-element_type=\"container\" data-e-type=\"container\">\n\t\t\t\t<div class=\"elementor-element elementor-element-6147845 elementor-widget-divider--view-line elementor-widget elementor-widget-divider\" data-id=\"6147845\" data-element_type=\"widget\" data-e-type=\"widget\" data-widget_type=\"divider.default\">\n\t\t\t\t<div class=\"elementor-widget-container\">\n\t\t\t\t\t\t\t<div class=\"elementor-divider\">\n\t\t\t<span class=\"elementor-divider-separator\">\n\t\t\t\t\t\t<\/span>\n\t\t<\/div>\n\t\t\t\t\t\t<\/div>\n\t\t\t\t<\/div>\n\t\t\t\t<div class=\"elementor-element elementor-element-e263909 elementor-widget elementor-widget-heading\" data-id=\"e263909\" data-element_type=\"widget\" data-e-type=\"widget\" data-widget_type=\"heading.default\">\n\t\t\t\t<div class=\"elementor-widget-container\">\n\t\t\t\t\t<h5 class=\"elementor-heading-title elementor-size-default\">Konzept und Design\/Umsetzung und Programmierung:<\/h5>\t\t\t\t<\/div>\n\t\t\t\t<\/div>\n\t\t\t\t<div class=\"elementor-element elementor-element-cd4bec9 elementor-widget elementor-widget-text-editor\" data-id=\"cd4bec9\" data-element_type=\"widget\" data-e-type=\"widget\" data-widget_type=\"text-editor.default\">\n\t\t\t\t<div class=\"elementor-widget-container\">\n\t\t\t\t\t\t\t\t\t<p><strong>Effecto GmbH<\/strong><br \/>Industriestrasse 171<br \/>8957 Spreitenbach<\/p>\t\t\t\t\t\t\t\t<\/div>\n\t\t\t\t<\/div>\n\t\t\t\t<div class=\"elementor-element elementor-element-b878f72 elementor-icon-list--layout-traditional elementor-list-item-link-full_width elementor-widget elementor-widget-icon-list\" data-id=\"b878f72\" data-element_type=\"widget\" data-e-type=\"widget\" data-widget_type=\"icon-list.default\">\n\t\t\t\t<div class=\"elementor-widget-container\">\n\t\t\t\t\t\t\t<ul class=\"elementor-icon-list-items\">\n\t\t\t\t\t\t\t<li class=\"elementor-icon-list-item\">\n\t\t\t\t\t\t\t\t\t\t\t<a href=\"mailto:contact@effecto.ch\">\n\n\t\t\t\t\t\t\t\t\t\t\t\t<span class=\"elementor-icon-list-icon\">\n\t\t\t\t\t\t\t<svg aria-hidden=\"true\" class=\"e-font-icon-svg e-far-envelope\" viewBox=\"0 0 512 512\" xmlns=\"http:\/\/www.w3.org\/2000\/svg\"><path d=\"M464 64H48C21.49 64 0 85.49 0 112v288c0 26.51 21.49 48 48 48h416c26.51 0 48-21.49 48-48V112c0-26.51-21.49-48-48-48zm0 48v40.805c-22.422 18.259-58.168 46.651-134.587 106.49-16.841 13.247-50.201 45.072-73.413 44.701-23.208.375-56.579-31.459-73.413-44.701C106.18 199.465 70.425 171.067 48 152.805V112h416zM48 400V214.398c22.914 18.251 55.409 43.862 104.938 82.646 21.857 17.205 60.134 55.186 103.062 54.955 42.717.231 80.509-37.199 103.053-54.947 49.528-38.783 82.032-64.401 104.947-82.653V400H48z\"><\/path><\/svg>\t\t\t\t\t\t<\/span>\n\t\t\t\t\t\t\t\t\t\t<span class=\"elementor-icon-list-text\">contact@effecto.ch<\/span>\n\t\t\t\t\t\t\t\t\t\t\t<\/a>\n\t\t\t\t\t\t\t\t\t<\/li>\n\t\t\t\t\t\t\t\t<li class=\"elementor-icon-list-item\">\n\t\t\t\t\t\t\t\t\t\t\t<a href=\"https:\/\/www.effecto.ch\">\n\n\t\t\t\t\t\t\t\t\t\t\t\t<span class=\"elementor-icon-list-icon\">\n\t\t\t\t\t\t\t<svg aria-hidden=\"true\" class=\"e-font-icon-svg e-fas-globe\" viewBox=\"0 0 496 512\" xmlns=\"http:\/\/www.w3.org\/2000\/svg\"><path d=\"M336.5 160C322 70.7 287.8 8 248 8s-74 62.7-88.5 152h177zM152 256c0 22.2 1.2 43.5 3.3 64h185.3c2.1-20.5 3.3-41.8 3.3-64s-1.2-43.5-3.3-64H155.3c-2.1 20.5-3.3 41.8-3.3 64zm324.7-96c-28.6-67.9-86.5-120.4-158-141.6 24.4 33.8 41.2 84.7 50 141.6h108zM177.2 18.4C105.8 39.6 47.8 92.1 19.3 160h108c8.7-56.9 25.5-107.8 49.9-141.6zM487.4 192H372.7c2.1 21 3.3 42.5 3.3 64s-1.2 43-3.3 64h114.6c5.5-20.5 8.6-41.8 8.6-64s-3.1-43.5-8.5-64zM120 256c0-21.5 1.2-43 3.3-64H8.6C3.2 212.5 0 233.8 0 256s3.2 43.5 8.6 64h114.6c-2-21-3.2-42.5-3.2-64zm39.5 96c14.5 89.3 48.7 152 88.5 152s74-62.7 88.5-152h-177zm159.3 141.6c71.4-21.2 129.4-73.7 158-141.6h-108c-8.8 56.9-25.6 107.8-50 141.6zM19.3 352c28.6 67.9 86.5 120.4 158 141.6-24.4-33.8-41.2-84.7-50-141.6h-108z\"><\/path><\/svg>\t\t\t\t\t\t<\/span>\n\t\t\t\t\t\t\t\t\t\t<span class=\"elementor-icon-list-text\">www.effecto.ch<\/span>\n\t\t\t\t\t\t\t\t\t\t\t<\/a>\n\t\t\t\t\t\t\t\t\t<\/li>\n\t\t\t\t\t\t<\/ul>\n\t\t\t\t\t\t<\/div>\n\t\t\t\t<\/div>\n\t\t\t\t<\/div>\n\t\t\t\t<\/div>\n\t\t<div class=\"elementor-element elementor-element-876c9be e-con-full e-flex e-con e-child\" data-id=\"876c9be\" data-element_type=\"container\" data-e-type=\"container\">\n\t\t\t\t<div class=\"elementor-element elementor-element-3de25e0 elementor-widget elementor-widget-heading\" data-id=\"3de25e0\" data-element_type=\"widget\" data-e-type=\"widget\" data-widget_type=\"heading.default\">\n\t\t\t\t<div class=\"elementor-widget-container\">\n\t\t\t\t\t<h2 class=\"elementor-heading-title elementor-size-default\">Rechtliche Hinweise<\/h2>\t\t\t\t<\/div>\n\t\t\t\t<\/div>\n\t\t\t\t<div class=\"elementor-element elementor-element-e031aeb elementor-widget elementor-widget-text-editor\" data-id=\"e031aeb\" data-element_type=\"widget\" data-e-type=\"widget\" data-widget_type=\"text-editor.default\">\n\t\t\t\t<div class=\"elementor-widget-container\">\n\t\t\t\t\t\t\t\t\t<p>Links von dieser Website zu Websites Dritter werden nur aus Gr\u00fcnden der Benutzerfreundlichkeit angeboten. Trotz sorgf\u00e4ltiger inhaltlicher Pr\u00fcfung \u00fcbernimmt\u00a0die happy-netz Holding\u00a0AG keine Haftung f\u00fcr die Inhalte dieser Links. F\u00fcr den Inhalt der verlinkten Seiten sind ausschliesslich deren Betreiber verantwortlich.<\/p><p>Es kann keine Garantie daf\u00fcr \u00fcbernommen werden, dass alle Angaben auf dieser Website zu jeder Zeit vollst\u00e4ndig, richtig und in letzter Aktualit\u00e4t dargestellt sind.<\/p><h3>Google Analytics<\/h3><p>Diese Website benutzt Google Analytics, einen Webanalysedienst der Google Inc. (&#171;Google&#187;). Google Analytics verwendet sog. &#171;Cookies&#187;, Textdateien, die auf Ihrem Computer gespeichert werden und die eine Analyse der Benutzung der Website durch Sie erm\u00f6glicht. Die durch den Cookie erzeugten Informationen \u00fcber Ihre Benutzung dieser Website (einschliesslich Ihrer IP-Adresse) wird an einen Server der Google in den USA \u00fcbertragen und dort gespeichert. Google wird diese Informationen benutzen, um Ihre Nutzung der Website auszuwerten, um Reports \u00fcber die Websiteaktivit\u00e4ten f\u00fcr die Websitebetreiber zusammenzustellen und um weitere mit der Websitenutzung und der Internetnutzung verbundene Dienstleistungen zu erbringen. Auch wird Google diese Informationen gegebenenfalls an Dritte \u00fcbertragen, sofern dies gesetzlich vorgeschrieben ist oder soweit Dritte diese Daten im Auftrag von Google verarbeiten. Google wird in keinem Fall Ihre IP-Adresse mit anderen Daten von Google in Verbindung bringen. Sie k\u00f6nnen die Installation der Cookies durch eine entsprechende Einstellung Ihrer Browser Software verhindern; wir weisen Sie jedoch darauf hin, dass Sie in diesem Fall gegebenenfalls nicht s\u00e4mtliche Funktionen dieser Website voll umf\u00e4nglich nutzen k\u00f6nnen. Durch die Nutzung dieser Website erkl\u00e4ren Sie sich mit der Bearbeitung der \u00fcber Sie erhobenen Daten durch Google in der zuvor beschriebenen Art und Weise und zu dem zuvor benannten Zweck einverstanden.<\/p>\t\t\t\t\t\t\t\t<\/div>\n\t\t\t\t<\/div>\n\t\t\t\t<\/div>\n\t\t\t\t<\/div>\n\t\t\t\t\t<\/div>\n\t\t\t\t<\/div>\n\t\t\t\t<\/div>\n\t\t","protected":false},"excerpt":{"rendered":"<p>Impressum Seefeld Garage AGRapperswilerstrasse 508630 R\u00fcti info@seefeld-garage.ch +41 055 240 13 55 UID: CHE-107.927.387 MWST: CHE-107.927.387 Konzept und Design\/Umsetzung und Programmierung: Effecto GmbHIndustriestrasse 1718957 Spreitenbach contact@effecto.ch www.effecto.ch Rechtliche Hinweise Links von dieser Website zu Websites Dritter werden nur aus Gr\u00fcnden der Benutzerfreundlichkeit angeboten. Trotz sorgf\u00e4ltiger inhaltlicher Pr\u00fcfung \u00fcbernimmt\u00a0die happy-netz Holding\u00a0AG keine Haftung f\u00fcr die Inhalte [&hellip;]<\/p>\n","protected":false},"author":1,"featured_media":0,"parent":0,"menu_order":0,"comment_status":"closed","ping_status":"closed","template":"","meta":{"footnotes":""},"folder":[],"class_list":["post-2400","page","type-page","status-publish","hentry"],"yoast_head":"<!-- This site is optimized with the Yoast SEO Premium plugin v26.0 (Yoast SEO v27.1.1) - https:\/\/yoast.com\/product\/yoast-seo-premium-wordpress\/ -->\n<title>Impressum - Seefeld Garage R\u00fcti<\/title>\n<meta name=\"robots\" content=\"index, follow, max-snippet:-1, max-image-preview:large, max-video-preview:-1\" \/>\n<link rel=\"canonical\" href=\"https:\/\/happy-netz.ch\/seefeld-garage-rueti\/impressum\/\" \/>\n<meta property=\"og:locale\" content=\"de_DE\" \/>\n<meta property=\"og:type\" content=\"article\" \/>\n<meta property=\"og:title\" content=\"Impressum\" \/>\n<meta property=\"og:description\" content=\"Impressum Seefeld Garage AGRapperswilerstrasse 508630 R\u00fcti info@seefeld-garage.ch +41 055 240 13 55 UID: CHE-107.927.387 MWST: CHE-107.927.387 Konzept und Design\/Umsetzung und Programmierung: Effecto GmbHIndustriestrasse 1718957 Spreitenbach contact@effecto.ch www.effecto.ch Rechtliche Hinweise Links von dieser Website zu Websites Dritter werden nur aus Gr\u00fcnden der Benutzerfreundlichkeit angeboten. Trotz sorgf\u00e4ltiger inhaltlicher Pr\u00fcfung \u00fcbernimmt\u00a0die happy-netz Holding\u00a0AG keine Haftung f\u00fcr die Inhalte [&hellip;]\" \/>\n<meta property=\"og:url\" content=\"https:\/\/happy-netz.ch\/seefeld-garage-rueti\/impressum\/\" \/>\n<meta property=\"og:site_name\" content=\"Seefeld Garage R\u00fcti\" \/>\n<meta property=\"article:modified_time\" content=\"2024-12-11T00:23:18+00:00\" \/>\n<meta name=\"twitter:card\" content=\"summary_large_image\" \/>\n<meta name=\"twitter:label1\" content=\"Gesch\u00e4tzte Lesezeit\" \/>\n\t<meta name=\"twitter:data1\" content=\"2\u00a0Minuten\" \/>\n<script type=\"application\/ld+json\" class=\"yoast-schema-graph\">{\"@context\":\"https:\/\/schema.org\",\"@graph\":[{\"@type\":\"WebPage\",\"@id\":\"https:\/\/happy-netz.ch\/seefeld-garage-rueti\/impressum\/\",\"url\":\"https:\/\/happy-netz.ch\/seefeld-garage-rueti\/impressum\/\",\"name\":\"Impressum - Seefeld Garage R\u00fcti\",\"isPartOf\":{\"@id\":\"https:\/\/happy-netz.ch\/seefeld-garage-rueti\/#website\"},\"datePublished\":\"2024-12-11T00:18:27+00:00\",\"dateModified\":\"2024-12-11T00:23:18+00:00\",\"breadcrumb\":{\"@id\":\"https:\/\/happy-netz.ch\/seefeld-garage-rueti\/impressum\/#breadcrumb\"},\"inLanguage\":\"de-CH\",\"potentialAction\":[{\"@type\":\"ReadAction\",\"target\":[\"https:\/\/happy-netz.ch\/seefeld-garage-rueti\/impressum\/\"]}]},{\"@type\":\"BreadcrumbList\",\"@id\":\"https:\/\/happy-netz.ch\/seefeld-garage-rueti\/impressum\/#breadcrumb\",\"itemListElement\":[{\"@type\":\"ListItem\",\"position\":1,\"name\":\"Home\",\"item\":\"https:\/\/happy-netz.ch\/seefeld-garage-rueti\/\"},{\"@type\":\"ListItem\",\"position\":2,\"name\":\"Impressum\"}]},{\"@type\":\"WebSite\",\"@id\":\"https:\/\/happy-netz.ch\/seefeld-garage-rueti\/#website\",\"url\":\"https:\/\/happy-netz.ch\/seefeld-garage-rueti\/\",\"name\":\"Seefeld Garage R\u00fcti\",\"description\":\"Immer ein gutes Gef\u00fchl\",\"publisher\":{\"@id\":\"https:\/\/happy-netz.ch\/seefeld-garage-rueti\/#organization\"},\"potentialAction\":[{\"@type\":\"SearchAction\",\"target\":{\"@type\":\"EntryPoint\",\"urlTemplate\":\"https:\/\/happy-netz.ch\/seefeld-garage-rueti\/?s={search_term_string}\"},\"query-input\":{\"@type\":\"PropertyValueSpecification\",\"valueRequired\":true,\"valueName\":\"search_term_string\"}}],\"inLanguage\":\"de-CH\"},{\"@type\":\"Organization\",\"@id\":\"https:\/\/happy-netz.ch\/seefeld-garage-rueti\/#organization\",\"name\":\"Seefeld Garage R\u00fcti\",\"url\":\"https:\/\/happy-netz.ch\/seefeld-garage-rueti\/\",\"logo\":{\"@type\":\"ImageObject\",\"inLanguage\":\"de-CH\",\"@id\":\"https:\/\/happy-netz.ch\/seefeld-garage-rueti\/#\/schema\/logo\/image\/\",\"url\":\"https:\/\/happy-netz.ch\/seefeld-garage-rueti\/wp-content\/uploads\/sites\/8\/2024\/12\/logo-happy_netz-seefeld_garage_staefa-ed.png\",\"contentUrl\":\"https:\/\/happy-netz.ch\/seefeld-garage-rueti\/wp-content\/uploads\/sites\/8\/2024\/12\/logo-happy_netz-seefeld_garage_staefa-ed.png\",\"width\":552,\"height\":150,\"caption\":\"Seefeld Garage R\u00fcti\"},\"image\":{\"@id\":\"https:\/\/happy-netz.ch\/seefeld-garage-rueti\/#\/schema\/logo\/image\/\"}}]}<\/script>\n<!-- \/ Yoast SEO Premium plugin. -->","yoast_head_json":{"title":"Impressum - Seefeld Garage R\u00fcti","robots":{"index":"index","follow":"follow","max-snippet":"max-snippet:-1","max-image-preview":"max-image-preview:large","max-video-preview":"max-video-preview:-1"},"canonical":"https:\/\/happy-netz.ch\/seefeld-garage-rueti\/impressum\/","og_locale":"de_DE","og_type":"article","og_title":"Impressum","og_description":"Impressum Seefeld Garage AGRapperswilerstrasse 508630 R\u00fcti info@seefeld-garage.ch +41 055 240 13 55 UID: CHE-107.927.387 MWST: CHE-107.927.387 Konzept und Design\/Umsetzung und Programmierung: Effecto GmbHIndustriestrasse 1718957 Spreitenbach contact@effecto.ch www.effecto.ch Rechtliche Hinweise Links von dieser Website zu Websites Dritter werden nur aus Gr\u00fcnden der Benutzerfreundlichkeit angeboten. Trotz sorgf\u00e4ltiger inhaltlicher Pr\u00fcfung \u00fcbernimmt\u00a0die happy-netz Holding\u00a0AG keine Haftung f\u00fcr die Inhalte [&hellip;]","og_url":"https:\/\/happy-netz.ch\/seefeld-garage-rueti\/impressum\/","og_site_name":"Seefeld Garage R\u00fcti","article_modified_time":"2024-12-11T00:23:18+00:00","twitter_card":"summary_large_image","twitter_misc":{"Gesch\u00e4tzte Lesezeit":"2\u00a0Minuten"},"schema":{"@context":"https:\/\/schema.org","@graph":[{"@type":"WebPage","@id":"https:\/\/happy-netz.ch\/seefeld-garage-rueti\/impressum\/","url":"https:\/\/happy-netz.ch\/seefeld-garage-rueti\/impressum\/","name":"Impressum - Seefeld Garage R\u00fcti","isPartOf":{"@id":"https:\/\/happy-netz.ch\/seefeld-garage-rueti\/#website"},"datePublished":"2024-12-11T00:18:27+00:00","dateModified":"2024-12-11T00:23:18+00:00","breadcrumb":{"@id":"https:\/\/happy-netz.ch\/seefeld-garage-rueti\/impressum\/#breadcrumb"},"inLanguage":"de-CH","potentialAction":[{"@type":"ReadAction","target":["https:\/\/happy-netz.ch\/seefeld-garage-rueti\/impressum\/"]}]},{"@type":"BreadcrumbList","@id":"https:\/\/happy-netz.ch\/seefeld-garage-rueti\/impressum\/#breadcrumb","itemListElement":[{"@type":"ListItem","position":1,"name":"Home","item":"https:\/\/happy-netz.ch\/seefeld-garage-rueti\/"},{"@type":"ListItem","position":2,"name":"Impressum"}]},{"@type":"WebSite","@id":"https:\/\/happy-netz.ch\/seefeld-garage-rueti\/#website","url":"https:\/\/happy-netz.ch\/seefeld-garage-rueti\/","name":"Seefeld Garage R\u00fcti","description":"Immer ein gutes Gef\u00fchl","publisher":{"@id":"https:\/\/happy-netz.ch\/seefeld-garage-rueti\/#organization"},"potentialAction":[{"@type":"SearchAction","target":{"@type":"EntryPoint","urlTemplate":"https:\/\/happy-netz.ch\/seefeld-garage-rueti\/?s={search_term_string}"},"query-input":{"@type":"PropertyValueSpecification","valueRequired":true,"valueName":"search_term_string"}}],"inLanguage":"de-CH"},{"@type":"Organization","@id":"https:\/\/happy-netz.ch\/seefeld-garage-rueti\/#organization","name":"Seefeld Garage R\u00fcti","url":"https:\/\/happy-netz.ch\/seefeld-garage-rueti\/","logo":{"@type":"ImageObject","inLanguage":"de-CH","@id":"https:\/\/happy-netz.ch\/seefeld-garage-rueti\/#\/schema\/logo\/image\/","url":"https:\/\/happy-netz.ch\/seefeld-garage-rueti\/wp-content\/uploads\/sites\/8\/2024\/12\/logo-happy_netz-seefeld_garage_staefa-ed.png","contentUrl":"https:\/\/happy-netz.ch\/seefeld-garage-rueti\/wp-content\/uploads\/sites\/8\/2024\/12\/logo-happy_netz-seefeld_garage_staefa-ed.png","width":552,"height":150,"caption":"Seefeld Garage R\u00fcti"},"image":{"@id":"https:\/\/happy-netz.ch\/seefeld-garage-rueti\/#\/schema\/logo\/image\/"}}]}},"_links":{"self":[{"href":"https:\/\/happy-netz.ch\/seefeld-garage-rueti\/wp-json\/wp\/v2\/pages\/2400","targetHints":{"allow":["GET"]}}],"collection":[{"href":"https:\/\/happy-netz.ch\/seefeld-garage-rueti\/wp-json\/wp\/v2\/pages"}],"about":[{"href":"https:\/\/happy-netz.ch\/seefeld-garage-rueti\/wp-json\/wp\/v2\/types\/page"}],"author":[{"embeddable":true,"href":"https:\/\/happy-netz.ch\/seefeld-garage-rueti\/wp-json\/wp\/v2\/users\/1"}],"replies":[{"embeddable":true,"href":"https:\/\/happy-netz.ch\/seefeld-garage-rueti\/wp-json\/wp\/v2\/comments?post=2400"}],"version-history":[{"count":7,"href":"https:\/\/happy-netz.ch\/seefeld-garage-rueti\/wp-json\/wp\/v2\/pages\/2400\/revisions"}],"predecessor-version":[{"id":2413,"href":"https:\/\/happy-netz.ch\/seefeld-garage-rueti\/wp-json\/wp\/v2\/pages\/2400\/revisions\/2413"}],"wp:attachment":[{"href":"https:\/\/happy-netz.ch\/seefeld-garage-rueti\/wp-json\/wp\/v2\/media?parent=2400"}],"wp:term":[{"taxonomy":"folder","embeddable":true,"href":"https:\/\/happy-netz.ch\/seefeld-garage-rueti\/wp-json\/wp\/v2\/folder?post=2400"}],"curies":[{"name":"wp","href":"https:\/\/api.w.org\/{rel}","templated":true}]}}